{"id":207594,"date":"2022-10-27T00:41:22","date_gmt":"2022-10-27T00:41:22","guid":{"rendered":"http:\/\/192.168.10.38\/page_hgl\/?page_id=207594"},"modified":"2023-12-08T21:24:18","modified_gmt":"2023-12-08T21:24:18","slug":"historia","status":"publish","type":"page","link":"https:\/\/hgl.mspz3.gob.ec\/index.php\/historia\/","title":{"rendered":"Historia"},"content":{"rendered":"[et_pb_section fb_built=\u00bb1&#8243; admin_label=\u00bbsection\u00bb _builder_version=\u00bb3.22&#8243; custom_padding=\u00bb28px||0px|||\u00bb][et_pb_row admin_label=\u00bbrow\u00bb _builder_version=\u00bb3.25&#8243; background_size=\u00bbinitial\u00bb background_position=\u00bbtop_left\u00bb background_repeat=\u00bbrepeat\u00bb custom_padding=\u00bb0px|||||\u00bb][et_pb_column type=\u00bb4_4&#8243; _builder_version=\u00bb3.25&#8243; custom_padding=\u00bb|||\u00bb custom_padding__hover=\u00bb|||\u00bb][et_pb_image src=\u00bbhttps:\/\/hgl.mspz3.gob.ec\/wp-content\/uploads\/2023\/08\/banner_web_15_08_2023.jpg\u00bb title_text=\u00bbbanner_web_15_08_2023&#8243; _builder_version=\u00bb4.7.7&#8243; _module_preset=\u00bbdefault\u00bb hover_enabled=\u00bb0&#8243; sticky_enabled=\u00bb0&#8243;][\/et_pb_image][et_pb_text admin_label=\u00bbText\u00bb _builder_version=\u00bb3.27.4&#8243; background_size=\u00bbinitial\u00bb background_position=\u00bbtop_left\u00bb background_repeat=\u00bbrepeat\u00bb custom_margin=\u00bb||-1px|||\u00bb custom_padding=\u00bb||0px|||\u00bb]\n<p style=\"text-align: justify;\">El 8 de Octubre de 1863 (Hospital de la Caridad), donaci\u00f3n Hnas. Ana y Mercedes P\u00e1ez Vela durante la Presidencia del Dr. Gabriel Garc\u00eda Moreno. 11 de julio de 1864, (Hospital P\u00fablico de la caridad) a trav\u00e9s de la Junta Municipal M\u00e9dica. El presupuesto aproximado fue de tres reales diarios por enfermo. 11 de marzo de 1866 se inaugura el (Hospital San Vicente de Pa\u00fal). 1885 Hermanas de la Caridad se hacen cargo del Hospital. 1892 esta labor ben\u00e9fica la asumi\u00f3 la Junta de Asistencia P\u00fablica Provincial. Al fallecer Hnas. P\u00e1ez, el Hospital regentado por las hermanas de la caridad San Vicente de Pa\u00fal toma el nombre de sus protectoras. 1946 inicia la construcci\u00f3n del nuevo edificio bajo asesor\u00eda t\u00e9cnica del Servicio Cooperativo Interamericano y toma el nombre de Hospital General de Latacunga. El 11 de noviembre de 1959 se inaugura la infraestructura actual con cuatro servicios b\u00e1sicos. Desde el 14 de abril de 1973 hasta la actualidad la Instituci\u00f3n depende del Ministerio de Salud P\u00fablica del Ecuador.<\/p>\n[\/et_pb_text][\/et_pb_column][\/et_pb_row][\/et_pb_section]","protected":false},"excerpt":{"rendered":"<p>[et_pb_section fb_built=\u00bb1&#8243; admin_label=\u00bbsection\u00bb _builder_version=\u00bb3.22&#8243; custom_padding=\u00bb28px||0px|||\u00bb][et_pb_row admin_label=\u00bbrow\u00bb _builder_version=\u00bb3.25&#8243; background_size=\u00bbinitial\u00bb background_position=\u00bbtop_left\u00bb background_repeat=\u00bbrepeat\u00bb custom_padding=\u00bb0px|||||\u00bb][et_pb_column type=\u00bb4_4&#8243; _builder_version=\u00bb3.25&#8243; custom_padding=\u00bb|||\u00bb custom_padding__hover=\u00bb|||\u00bb][et_pb_image src=\u00bbhttps:\/\/hgl.mspz3.gob.ec\/wp-content\/uploads\/2023\/08\/banner_web_15_08_2023.jpg\u00bb title_text=\u00bbbanner_web_15_08_2023&#8243; _builder_version=\u00bb4.7.7&#8243; _module_preset=\u00bbdefault\u00bb hover_enabled=\u00bb0&#8243; sticky_enabled=\u00bb0&#8243;][\/et_pb_image][et_pb_text admin_label=\u00bbText\u00bb _builder_version=\u00bb3.27.4&#8243; background_size=\u00bbinitial\u00bb background_position=\u00bbtop_left\u00bb background_repeat=\u00bbrepeat\u00bb custom_margin=\u00bb||-1px|||\u00bb custom_padding=\u00bb||0px|||\u00bb] El 8 de Octubre de 1863 (Hospital de la Caridad), donaci\u00f3n Hnas. Ana y Mercedes P\u00e1ez Vela durante la Presidencia del Dr. Gabriel Garc\u00eda Moreno. 11 de [&hellip;]<\/p>\n","protected":false},"author":1,"featured_media":0,"parent":0,"menu_order":0,"comment_status":"closed","ping_status":"closed","template":"","meta":{"_et_pb_use_builder":"on","_et_pb_old_content":"<!-- wp:html -->\n<p style=\"text-align: justify;\">El 8 de Octubre de 1863 (Hospital de la Caridad), donaci\u00f3n Hnas. Ana y Mercedes P\u00e1ez Vela durante la Presidencia del Dr. Gabriel Garc\u00eda Moreno. 11 de julio de 1864, (Hospital P\u00fablico de la caridad) a trav\u00e9s de la Junta Municipal M\u00e9dica. El presupuesto aproximado fue de tres reales diarios por enfermo. 11 de marzo de 1866 se inaugura el (Hospital San Vicente de Pa\u00fal). 1885 Hermanas de la Caridad se hacen cargo del Hospital. 1892 esta labor ben\u00e9fica la asumi\u00f3 la Junta de Asistencia P\u00fablica Provincial. Al fallecer Hnas. P\u00e1ez, el Hospital regentado por las hermanas de la caridad San Vicente de Pa\u00fal toma el nombre de sus protectoras. 1946 inicia la construcci\u00f3n del nuevo edificio bajo asesor\u00eda t\u00e9cnica del Servicio Cooperativo Interamericano y toma el nombre de Hospital General de Latacunga. El 11 de noviembre de 1959 se inaugura la infraestructura actual con cuatro servicios b\u00e1sicos. Desde el 14 de abril de 1973 hasta la actualidad la Instituci\u00f3n depende del Ministerio de Salud P\u00fablica del Ecuador.<\/p>\n<!-- \/wp:html -->","_et_gb_content_width":"","footnotes":""},"class_list":["post-207594","page","type-page","status-publish","hentry"],"_links":{"self":[{"href":"https:\/\/hgl.mspz3.gob.ec\/index.php\/wp-json\/wp\/v2\/pages\/207594","targetHints":{"allow":["GET"]}}],"collection":[{"href":"https:\/\/hgl.mspz3.gob.ec\/index.php\/wp-json\/wp\/v2\/pages"}],"about":[{"href":"https:\/\/hgl.mspz3.gob.ec\/index.php\/wp-json\/wp\/v2\/types\/page"}],"author":[{"embeddable":true,"href":"https:\/\/hgl.mspz3.gob.ec\/index.php\/wp-json\/wp\/v2\/users\/1"}],"replies":[{"embeddable":true,"href":"https:\/\/hgl.mspz3.gob.ec\/index.php\/wp-json\/wp\/v2\/comments?post=207594"}],"version-history":[{"count":4,"href":"https:\/\/hgl.mspz3.gob.ec\/index.php\/wp-json\/wp\/v2\/pages\/207594\/revisions"}],"predecessor-version":[{"id":208341,"href":"https:\/\/hgl.mspz3.gob.ec\/index.php\/wp-json\/wp\/v2\/pages\/207594\/revisions\/208341"}],"wp:attachment":[{"href":"https:\/\/hgl.mspz3.gob.ec\/index.php\/wp-json\/wp\/v2\/media?parent=207594"}],"curies":[{"name":"wp","href":"https:\/\/api.w.org\/{rel}","templated":true}]}}