{"id":207643,"date":"2022-10-27T01:16:12","date_gmt":"2022-10-27T01:16:12","guid":{"rendered":"http:\/\/192.168.10.38\/page_hgl\/?page_id=207643"},"modified":"2023-12-21T16:57:26","modified_gmt":"2023-12-21T16:57:26","slug":"esamyn","status":"publish","type":"page","link":"https:\/\/hgl.mspz3.gob.ec\/index.php\/esamyn\/","title":{"rendered":"ESAMyN"},"content":{"rendered":"<p>[et_pb_section fb_built=\u00bb1&#8243; _builder_version=\u00bb4.7.7&#8243; _module_preset=\u00bbdefault\u00bb custom_padding=\u00bb2px||0px|||\u00bb][et_pb_row _builder_version=\u00bb4.7.7&#8243; _module_preset=\u00bbdefault\u00bb][et_pb_column type=\u00bb4_4&#8243; _builder_version=\u00bb4.7.7&#8243; _module_preset=\u00bbdefault\u00bb][et_pb_text _builder_version=\u00bb4.7.7&#8243; _module_preset=\u00bbdefault\u00bb link_option_url=\u00bbhttp:\/\/192.168.10.38\/page_hgl\/wp-content\/uploads\/2022\/10\/Acuerdo_Ministerial_108.pdf\u00bb link_option_url_new_window=\u00bbon\u00bb hover_enabled=\u00bb0&#8243; sticky_enabled=\u00bb0&#8243;]<\/p>\n<p><a style=\"box-sizing: border-box; margin: 0px; padding: 0px; border: 0px; outline: 0px; font-size: 14px; text-size-adjust: 100%; vertical-align: baseline; background: 50% center \/ cover no-repeat #ffffff; color: #4b91c8; text-decoration: none; font-weight: 400; display: inline-block; font-family: 'Open Sans', Arial, sans-serif; font-style: normal; font-variant-ligatures: normal; font-variant-caps: normal; letter-spacing: normal; orphans: 2; text-align: start; text-indent: 0px; text-transform: none; white-space: normal; widows: 2; word-spacing: 0px; -webkit-text-stroke-width: 0px;\" href=\"https:\/\/hgl.mspz3.gob.ec\/wp-content\/uploads\/2023\/12\/AC-00018-2022-SEP-15.pdf-REGISTR-E-INTERPRETACION-NORMA-ESAMYN-1.pdf\" target=\"_blank\" rel=\"prev noopener noreferrer\">\u2190\u00a0Acuerdo Ministerial<\/a><\/p>\n<p><span class=\"nav-label\" style=\"box-sizing: border-box; margin: 0px; padding: 0px; border: 0px; outline: 0px; font-size: 14px; text-size-adjust: 100%; vertical-align: baseline; background: transparent; position: relative;\"><a title=\"Gu\u00eda T\u00e9cnica para la Atenci\u00f3n del Parto Culturalmente adecuado\" href=\"https:\/\/hgl.mspz3.gob.ec\/wp-content\/uploads\/2023\/12\/GuiaTecnicaparalaAtenciondelPartoCulturalmenteAdecuado.pdf\" target=\"_blank\" rel=\"prev noopener noreferrer\">\u2190\u00a0Gu\u00eda T\u00e9cnica para la Atenci\u00f3n del Parto Culturalmente adecuado<\/a><\/span><\/p>\n<p><a title=\"Norma T\u00e9cnica Certificaci\u00f3n de Establecimientos de Salud como Amigos de la Madre y del Ni\u00f1o \u2013 ESAMyN\" href=\"https:\/\/hgl.mspz3.gob.ec\/wp-content\/uploads\/2023\/12\/Norma-Tecnica-Certificacion-de-establecimientos-de-Salud-como-Amigos-de-la-Madre-y-del-Nino-ESAMyN-ano-2021.pdf\" target=\"_blank\" rel=\"noopener noreferrer\">\u2190\u00a0Norma T\u00e9cnica Certificaci\u00f3n de Establecimientos de Salud como Amigos de la Madre y del Ni\u00f1o \u2013 ESAMyN<\/a><\/p>\n<p><a title=\"Norma T\u00e9cnica Educaci\u00f3n Prenatal\" href=\"https:\/\/hgl.mspz3.gob.ec\/wp-content\/uploads\/2023\/12\/Norma-Tecnica-Educacion-Prenatal.pdf\" target=\"_blank\" rel=\"noopener noreferrer\">\u2190\u00a0Norma T\u00e9cnica Educaci\u00f3n Prenatal<\/a><\/p>\n<p><a title=\"Volante ESAMYN 2022 HGL\" href=\"https:\/\/hgl.mspz3.gob.ec\/wp-content\/uploads\/2023\/12\/VOLANTE-ESAMYN-2022-HGL.pdf\" target=\"_blank\" rel=\"noopener noreferrer\">\u2190\u00a0Volante ESAMYN 2022 HGL<\/a><\/p>\n<p>[\/et_pb_text][\/et_pb_column][\/et_pb_row][\/et_pb_section]<\/p>\n","protected":false},"excerpt":{"rendered":"<p>[et_pb_section fb_built=\u00bb1&#8243; _builder_version=\u00bb4.7.7&#8243; _module_preset=\u00bbdefault\u00bb custom_padding=\u00bb2px||0px|||\u00bb][et_pb_row _builder_version=\u00bb4.7.7&#8243; _module_preset=\u00bbdefault\u00bb][et_pb_column type=\u00bb4_4&#8243; _builder_version=\u00bb4.7.7&#8243; _module_preset=\u00bbdefault\u00bb][et_pb_text _builder_version=\u00bb4.7.7&#8243; _module_preset=\u00bbdefault\u00bb link_option_url=\u00bbhttp:\/\/192.168.10.38\/page_hgl\/wp-content\/uploads\/2022\/10\/Acuerdo_Ministerial_108.pdf\u00bb link_option_url_new_window=\u00bbon\u00bb hover_enabled=\u00bb0&#8243; sticky_enabled=\u00bb0&#8243;] \u2190\u00a0Acuerdo Ministerial \u2190\u00a0Gu\u00eda T\u00e9cnica para la Atenci\u00f3n del Parto Culturalmente adecuado \u2190\u00a0Norma T\u00e9cnica Certificaci\u00f3n de Establecimientos de Salud como Amigos de la Madre y del Ni\u00f1o \u2013 ESAMyN \u2190\u00a0Norma T\u00e9cnica Educaci\u00f3n Prenatal \u2190\u00a0Volante ESAMYN 2022 HGL [\/et_pb_text][\/et_pb_column][\/et_pb_row][\/et_pb_section]<\/p>\n","protected":false},"author":1,"featured_media":0,"parent":0,"menu_order":0,"comment_status":"closed","ping_status":"closed","template":"","meta":{"_et_pb_use_builder":"on","_et_pb_old_content":"","_et_gb_content_width":"","footnotes":""},"class_list":["post-207643","page","type-page","status-publish","hentry"],"_links":{"self":[{"href":"https:\/\/hgl.mspz3.gob.ec\/index.php\/wp-json\/wp\/v2\/pages\/207643","targetHints":{"allow":["GET"]}}],"collection":[{"href":"https:\/\/hgl.mspz3.gob.ec\/index.php\/wp-json\/wp\/v2\/pages"}],"about":[{"href":"https:\/\/hgl.mspz3.gob.ec\/index.php\/wp-json\/wp\/v2\/types\/page"}],"author":[{"embeddable":true,"href":"https:\/\/hgl.mspz3.gob.ec\/index.php\/wp-json\/wp\/v2\/users\/1"}],"replies":[{"embeddable":true,"href":"https:\/\/hgl.mspz3.gob.ec\/index.php\/wp-json\/wp\/v2\/comments?post=207643"}],"version-history":[{"count":21,"href":"https:\/\/hgl.mspz3.gob.ec\/index.php\/wp-json\/wp\/v2\/pages\/207643\/revisions"}],"predecessor-version":[{"id":208372,"href":"https:\/\/hgl.mspz3.gob.ec\/index.php\/wp-json\/wp\/v2\/pages\/207643\/revisions\/208372"}],"wp:attachment":[{"href":"https:\/\/hgl.mspz3.gob.ec\/index.php\/wp-json\/wp\/v2\/media?parent=207643"}],"curies":[{"name":"wp","href":"https:\/\/api.w.org\/{rel}","templated":true}]}}