{"id":207674,"date":"2022-10-27T01:38:20","date_gmt":"2022-10-27T01:38:20","guid":{"rendered":"http:\/\/192.168.10.38\/page_hgl\/?page_id=207674"},"modified":"2022-10-27T02:10:04","modified_gmt":"2022-10-27T02:10:04","slug":"derechos-y-deberes-de-los-pacientes","status":"publish","type":"page","link":"https:\/\/hgl.mspz3.gob.ec\/index.php\/derechos-y-deberes-de-los-pacientes\/","title":{"rendered":"DERECHOS Y DEBERES DE LOS PACIENTES"},"content":{"rendered":"<p>[et_pb_section fb_built=\u00bb1&#8243; _builder_version=\u00bb4.7.7&#8243; _module_preset=\u00bbdefault\u00bb][et_pb_row _builder_version=\u00bb4.7.7&#8243; _module_preset=\u00bbdefault\u00bb custom_margin=\u00bb-39px|auto||auto||\u00bb][et_pb_column _builder_version=\u00bb4.7.7&#8243; _module_preset=\u00bbdefault\u00bb type=\u00bb4_4&#8243;][et_pb_text _builder_version=\u00bb4.7.7&#8243; _module_preset=\u00bbdefault\u00bb hover_enabled=\u00bb0&#8243; sticky_enabled=\u00bb0&#8243;]<\/p>\n<p style=\"text-align: justify;\"><strong>El paciente tiene derecho a: <\/strong><\/p>\n<ol>\n<li>Conocer el nombre de la persona que lo atiende.<\/li>\n<li>Ser atendido con respeto, esmero y cortes\u00eda.<\/li>\n<li>Ser tratado dignamente sin importar la etnia, acento, nacionalidad, g\u00e9nero, edad, sexo, condici\u00f3n econ\u00f3mica, creencias, aspecto f\u00edsico.<\/li>\n<li>A ser tratado por el nombre (sin apodos, calificativos, insultos o gritos).<\/li>\n<li>A acceder a la historia cl\u00ednica y que la historia sea confidencial.<\/li>\n<li>Atenci\u00f3n m\u00e9dica gratuita con m\u00e9dicos de diferentes especialidades, ex\u00e1menes de laboratorio y\/o gabinete de medicinas.<\/li>\n<li>Recibir informaci\u00f3n sobre el diagn\u00f3stico, tratamiento (diferentes opciones de tratamiento), segunda opini\u00f3n, pron\u00f3stico, riesgos que est\u00e1 expuesto, duraci\u00f3n del tratamiento, alternativas de cuidado, tiempo de incapacidad.<\/li>\n<li>Derecho a decidir si acepta o no el tratamiento.<\/li>\n<li>Recibir informaci\u00f3n clara y completa sobre los tr\u00e1mites y pasos para atenci\u00f3n m\u00e9dica en consulta.<\/li>\n<\/ol>\n<p><strong>Las obligaciones del paciente y familiares son:<\/strong><\/p>\n<p><strong><\/strong><\/p>\n<ol>\n<li>Cuidar al hospital (no ensuciar paredes ni pisos, poner la basura en los recipientes destinados para ello, cuidar sillas, camas y otros enseres que son para su uso).<\/li>\n<li>Respeto a las personas que los atienden, trat\u00e1ndolos con dignidad y cortes\u00eda.<\/li>\n<li>Respetar los horarios de visita y las normativas para la misma (no traer ni\u00f1os, no ingresar comida).<\/li>\n<li>Dar informaci\u00f3n clara y precisa sobre la enfermedad sin omitir o mentir sobre la misma.<\/li>\n<li>Respetar el turno.<\/li>\n<li>Respetar a los otros pacientes.<\/li>\n<\/ol>\n<p>[\/et_pb_text][\/et_pb_column][\/et_pb_row][\/et_pb_section]<\/p>\n","protected":false},"excerpt":{"rendered":"<p>[et_pb_section fb_built=\u00bb1&#8243; _builder_version=\u00bb4.7.7&#8243; _module_preset=\u00bbdefault\u00bb][et_pb_row _builder_version=\u00bb4.7.7&#8243; _module_preset=\u00bbdefault\u00bb custom_margin=\u00bb-39px|auto||auto||\u00bb][et_pb_column _builder_version=\u00bb4.7.7&#8243; _module_preset=\u00bbdefault\u00bb type=\u00bb4_4&#8243;][et_pb_text _builder_version=\u00bb4.7.7&#8243; _module_preset=\u00bbdefault\u00bb hover_enabled=\u00bb0&#8243; sticky_enabled=\u00bb0&#8243;] El paciente tiene derecho a: Conocer el nombre de la persona que lo atiende. Ser atendido con respeto, esmero y cortes\u00eda. Ser tratado dignamente sin importar la etnia, acento, nacionalidad, g\u00e9nero, edad, sexo, condici\u00f3n econ\u00f3mica, creencias, aspecto f\u00edsico. A ser tratado [&hellip;]<\/p>\n","protected":false},"author":1,"featured_media":0,"parent":0,"menu_order":0,"comment_status":"closed","ping_status":"closed","template":"","meta":{"_et_pb_use_builder":"on","_et_pb_old_content":"","_et_gb_content_width":"","footnotes":""},"class_list":["post-207674","page","type-page","status-publish","hentry"],"_links":{"self":[{"href":"https:\/\/hgl.mspz3.gob.ec\/index.php\/wp-json\/wp\/v2\/pages\/207674","targetHints":{"allow":["GET"]}}],"collection":[{"href":"https:\/\/hgl.mspz3.gob.ec\/index.php\/wp-json\/wp\/v2\/pages"}],"about":[{"href":"https:\/\/hgl.mspz3.gob.ec\/index.php\/wp-json\/wp\/v2\/types\/page"}],"author":[{"embeddable":true,"href":"https:\/\/hgl.mspz3.gob.ec\/index.php\/wp-json\/wp\/v2\/users\/1"}],"replies":[{"embeddable":true,"href":"https:\/\/hgl.mspz3.gob.ec\/index.php\/wp-json\/wp\/v2\/comments?post=207674"}],"version-history":[{"count":5,"href":"https:\/\/hgl.mspz3.gob.ec\/index.php\/wp-json\/wp\/v2\/pages\/207674\/revisions"}],"predecessor-version":[{"id":207693,"href":"https:\/\/hgl.mspz3.gob.ec\/index.php\/wp-json\/wp\/v2\/pages\/207674\/revisions\/207693"}],"wp:attachment":[{"href":"https:\/\/hgl.mspz3.gob.ec\/index.php\/wp-json\/wp\/v2\/media?parent=207674"}],"curies":[{"name":"wp","href":"https:\/\/api.w.org\/{rel}","templated":true}]}}