{"id":207738,"date":"2022-11-01T16:31:53","date_gmt":"2022-11-01T16:31:53","guid":{"rendered":"https:\/\/hgl.mspz3.gob.ec\/?page_id=207738"},"modified":"2026-03-18T13:15:35","modified_gmt":"2026-03-18T13:15:35","slug":"intranet","status":"publish","type":"page","link":"https:\/\/hgl.mspz3.gob.ec\/index.php\/intranet\/","title":{"rendered":"Intranet"},"content":{"rendered":"<p>[et_pb_section fb_built=\u00bb1&#8243; _builder_version=\u00bb4.7.7&#8243; _module_preset=\u00bbdefault\u00bb custom_padding=\u00bb4px|||||\u00bb][et_pb_row column_structure=\u00bb1_4,1_4,1_4,1_4&#8243; _builder_version=\u00bb4.7.7&#8243; _module_preset=\u00bbdefault\u00bb][et_pb_column type=\u00bb1_4&#8243; _builder_version=\u00bb4.7.7&#8243; _module_preset=\u00bbdefault\u00bb][et_pb_image src=\u00bbhttps:\/\/hgl.mspz3.gob.ec\/wp-content\/uploads\/2022\/11\/pras.png\u00bb title_text=\u00bbpras\u00bb url=\u00bbhttps:\/\/sgrdacaa.msp.gob.ec\/\u00bb url_new_window=\u00bbon\u00bb _builder_version=\u00bb4.7.7&#8243; _module_preset=\u00bbdefault\u00bb][\/et_pb_image][et_pb_button button_url=\u00bbhttps:\/\/sgrdacaa.msp.gob.ec\/\u00bb url_new_window=\u00bbon\u00bb button_text=\u00bbIr Al Sitio\u00bb button_alignment=\u00bbcenter\u00bb _builder_version=\u00bb4.7.7&#8243; _module_preset=\u00bbdefault\u00bb][\/et_pb_button][\/et_pb_column][et_pb_column type=\u00bb1_4&#8243; _builder_version=\u00bb4.7.7&#8243; _module_preset=\u00bbdefault\u00bb][et_pb_text _builder_version=\u00bb4.7.7&#8243; _module_preset=\u00bbdefault\u00bb custom_margin=\u00bb|-13px|5px|-16px||\u00bb custom_padding=\u00bb|0px||||\u00bb]<\/p>\n<p style=\"text-align: center;\"><strong>PLATAFORMA DE REGISTRO DE ATENCI\u00d3N EN SALUD (PRAS)<\/strong><\/p>\n<p style=\"text-align: justify;\">La Plataforma de Registro de Atenci\u00f3n en Salud <strong>(PRAS)<\/strong>, es una herramienta inform\u00e1tica<br \/>que permite la recolecci\u00f3n l\u00f3gica y ordenada de datos en la atenci\u00f3n integral de salud<\/p>\n<p>[\/et_pb_text][\/et_pb_column][et_pb_column type=\u00bb1_4&#8243; _builder_version=\u00bb4.7.7&#8243; _module_preset=\u00bbdefault\u00bb][et_pb_image src=\u00bbhttps:\/\/hgl.mspz3.gob.ec\/wp-content\/uploads\/2023\/02\/orion.png\u00bb title_text=\u00bborion\u00bb url=\u00bbhttps:\/\/hgl.orion-labs.com\/portal\/login\u00bb url_new_window=\u00bbon\u00bb _builder_version=\u00bb4.7.7&#8243; _module_preset=\u00bbdefault\u00bb hover_enabled=\u00bb0&#8243; sticky_enabled=\u00bb0&#8243;][\/et_pb_image][et_pb_button button_url=\u00bbhttps:\/\/hgl.orion-labs.com\/portal\/login\u00bb url_new_window=\u00bbon\u00bb button_text=\u00bbIr Al Sitio\u00bb button_alignment=\u00bbcenter\u00bb _builder_version=\u00bb4.7.7&#8243; _module_preset=\u00bbdefault\u00bb hover_enabled=\u00bb0&#8243; sticky_enabled=\u00bb0&#8243;][\/et_pb_button][\/et_pb_column][et_pb_column type=\u00bb1_4&#8243; _builder_version=\u00bb4.7.7&#8243; _module_preset=\u00bbdefault\u00bb][et_pb_text _builder_version=\u00bb4.7.7&#8243; _module_preset=\u00bbdefault\u00bb custom_margin=\u00bb|-13px|7px|-16px||\u00bb custom_padding=\u00bb|0px||||\u00bb hover_enabled=\u00bb0&#8243; sticky_enabled=\u00bb0&#8243;]<\/p>\n<p style=\"text-align: center;\"><strong>SISTEMA DE CONSULTA DE RESULTADOS DE EX\u00c1MENES DE LABORATORIO<\/strong><\/p>\n<p style=\"text-align: justify;\">Mejorar los tiempos de respuesta desde la solicitud m\u00e9dica hasta la entrega de los <strong>resultados<\/strong>, que permitan la toma de desiciones m\u00e9dicas oportunas.<\/p>\n<p>[\/et_pb_text][\/et_pb_column][\/et_pb_row][et_pb_row column_structure=\u00bb1_4,1_4,1_4,1_4&#8243; _builder_version=\u00bb4.7.7&#8243; _module_preset=\u00bbdefault\u00bb][et_pb_column type=\u00bb1_4&#8243; _builder_version=\u00bb4.7.7&#8243; _module_preset=\u00bbdefault\u00bb][et_pb_image src=\u00bbhttps:\/\/hgl.mspz3.gob.ec\/wp-content\/uploads\/2025\/05\/login_agenda.png\u00bb title_text=\u00bblogin_agenda\u00bb url=\u00bbhttp:\/\/192.168.10.160\/AgendaGestionV2&#8243; url_new_window=\u00bbon\u00bb _builder_version=\u00bb4.7.7&#8243; _module_preset=\u00bbdefault\u00bb][\/et_pb_image][et_pb_button button_url=\u00bbhttp:\/\/192.168.10.160\/AgendaGestionV2&#8243; url_new_window=\u00bbon\u00bb button_text=\u00bbIr Al Sitio\u00bb button_alignment=\u00bbcenter\u00bb _builder_version=\u00bb4.7.7&#8243; _module_preset=\u00bbdefault\u00bb][\/et_pb_button][\/et_pb_column][et_pb_column type=\u00bb1_4&#8243; _builder_version=\u00bb4.7.7&#8243; _module_preset=\u00bbdefault\u00bb][et_pb_text _builder_version=\u00bb4.7.7&#8243; _module_preset=\u00bbdefault\u00bb custom_margin=\u00bb|-13px|5px|-16px||\u00bb custom_padding=\u00bb|0px||||\u00bb]<\/p>\n<p style=\"text-align: center;\"><strong>SISTEMA AGENDA IMAGENOLOG\u00cdA<br \/> <\/strong><\/p>\n<p style=\"text-align: justify;\">El sistema inform\u00e1tico para el manejo de la agenda del servicio de Imagenolog\u00eda, consulta de turnos, registro de turnos, entre otras funcionalidades, es una herramienta inform\u00e1tica que permite el <span class=\"ILfuVd\" lang=\"es\"><span class=\"hgKElc\">agendamiento\u00a0de citas m\u00e9dicas de imagenolog\u00eda<\/span><\/span>, esto hace que sean m\u00e1s eficaces y eficientes en la atenci\u00f3n integral de salud<\/p>\n<p>[\/et_pb_text][\/et_pb_column][et_pb_column type=\u00bb1_4&#8243; _builder_version=\u00bb4.7.7&#8243; _module_preset=\u00bbdefault\u00bb][et_pb_image src=\u00bbhttps:\/\/hgl.mspz3.gob.ec\/wp-content\/uploads\/2022\/12\/PUSHANA.png\u00bb title_text=\u00bbPUSHANA\u00bb url=\u00bbhttp:\/\/192.168.10.8\/pushana\/index.html\u00bb url_new_window=\u00bbon\u00bb _builder_version=\u00bb4.7.7&#8243; _module_preset=\u00bbdefault\u00bb][\/et_pb_image][et_pb_button button_url=\u00bbhttp:\/\/192.168.10.8\/pushana\/index.html\u00bb url_new_window=\u00bbon\u00bb button_text=\u00bbIr Al Sitio\u00bb button_alignment=\u00bbcenter\u00bb _builder_version=\u00bb4.7.7&#8243; _module_preset=\u00bbdefault\u00bb][\/et_pb_button][\/et_pb_column][et_pb_column type=\u00bb1_4&#8243; _builder_version=\u00bb4.7.7&#8243; _module_preset=\u00bbdefault\u00bb][et_pb_text _builder_version=\u00bb4.7.7&#8243; _module_preset=\u00bbdefault\u00bb custom_margin=\u00bb|-13px|7px|-16px||\u00bb custom_padding=\u00bb|0px||||\u00bb]<\/p>\n<p style=\"text-align: center;\"><strong>PUSHANA<\/strong><\/p>\n<p style=\"text-align: justify;\">Mejorar los tiempos de respuesta desde la solicitud m\u00e9dica hasta la entrega de los <strong>Medicamentos<\/strong>, que permitan la toma de desiciones m\u00e9dicas oportunas.<\/p>\n<p>[\/et_pb_text][\/et_pb_column][\/et_pb_row][et_pb_row column_structure=\u00bb1_4,1_4,1_4,1_4&#8243; _builder_version=\u00bb4.7.7&#8243; _module_preset=\u00bbdefault\u00bb][et_pb_column type=\u00bb1_4&#8243; _builder_version=\u00bb4.7.7&#8243; _module_preset=\u00bbdefault\u00bb][et_pb_image src=\u00bbhttps:\/\/hgl.mspz3.gob.ec\/wp-content\/uploads\/2022\/12\/sirrcpad-bien.png\u00bb title_text=\u00bbsirrcpad bien\u00bb url=\u00bbhttp:\/\/192.168.10.240\/sirrcpad\/\u00bb url_new_window=\u00bbon\u00bb _builder_version=\u00bb4.7.7&#8243; _module_preset=\u00bbdefault\u00bb][\/et_pb_image][et_pb_button button_url=\u00bbhttp:\/\/192.168.10.240\/sirrcpad\/\u00bb url_new_window=\u00bbon\u00bb button_text=\u00bbIr Al Sitio\u00bb button_alignment=\u00bbcenter\u00bb _builder_version=\u00bb4.7.7&#8243; _module_preset=\u00bbdefault\u00bb][\/et_pb_button][\/et_pb_column][et_pb_column type=\u00bb1_4&#8243; _builder_version=\u00bb4.7.7&#8243; _module_preset=\u00bbdefault\u00bb][et_pb_text _builder_version=\u00bb4.7.7&#8243; _module_preset=\u00bbdefault\u00bb custom_margin=\u00bb|-13px|5px|-16px||\u00bb custom_padding=\u00bb|0px||||\u00bb]<\/p>\n<p style=\"text-align: center;\"><strong>SISTEMA INFORM\u00c1TICO <\/strong><strong>DE REGISTRO DE REFERENCIAS, CITA PREVIA Y ADMISIONES \u00a0 (SIRRCPAD)<\/strong><\/p>\n<p style=\"text-align: justify;\">El sistema inform\u00e1tico de registro de referencias, cita previa y Admisiones <strong>(SIRRCPAD)<\/strong>, es una herramienta inform\u00e1tica que permite el <span class=\"ILfuVd\" lang=\"es\"><span class=\"hgKElc\">agendamiento\u00a0de citas m\u00e9dicas y <\/span><\/span>los procesos de gesti\u00f3n de historias cl\u00ednicas, esto hace que sean m\u00e1s eficaces y eficientes en la atenci\u00f3n integral de salud<\/p>\n<p>[\/et_pb_text][\/et_pb_column][et_pb_column type=\u00bb1_4&#8243; _builder_version=\u00bb4.7.7&#8243; _module_preset=\u00bbdefault\u00bb][et_pb_image src=\u00bbhttps:\/\/hgl.mspz3.gob.ec\/wp-content\/uploads\/2022\/11\/eventos_adversos.png\u00bb title_text=\u00bbeventos_adversos\u00bb url=\u00bbhttp:\/\/192.168.10.165\/eventos_adversos\/\u00bb url_new_window=\u00bbon\u00bb _builder_version=\u00bb4.7.7&#8243; _module_preset=\u00bbdefault\u00bb][\/et_pb_image][et_pb_button button_url=\u00bbhttp:\/\/192.168.10.165\/eventos_adversos\/\u00bb url_new_window=\u00bbon\u00bb button_text=\u00bbIr Al Sitio\u00bb button_alignment=\u00bbcenter\u00bb _builder_version=\u00bb4.7.7&#8243; _module_preset=\u00bbdefault\u00bb][\/et_pb_button][\/et_pb_column][et_pb_column type=\u00bb1_4&#8243; _builder_version=\u00bb4.7.7&#8243; _module_preset=\u00bbdefault\u00bb][et_pb_text _builder_version=\u00bb4.7.7&#8243; _module_preset=\u00bbdefault\u00bb custom_margin=\u00bb|-13px|5px|-16px||\u00bb custom_padding=\u00bb|0px||||\u00bb]<\/p>\n<p style=\"text-align: center;\"><strong>SISTEMA DE NOTIFICACI\u00d3N Y APRENDIZAJE EVENTOS RELACIONADOS CON LA SEGURIDAD DEL PACIENTE<\/strong><\/p>\n<p style=\"text-align: justify;\"><span>La\u00a0<\/span><b>Seguridad del Paciente<\/b><span>\u00a0constituye una prioridad en la atenci\u00f3n en salud, los incidentes y eventos adversos ponen en alerta al personal de salud sobre la existencia de una atenci\u00f3n insegura, por tanto los eventos adversos se presentan en cualquier actividad y son un indicador fundamental de su calidad.<\/span><\/p>\n<p>[\/et_pb_text][\/et_pb_column][\/et_pb_row][et_pb_row column_structure=\u00bb1_4,1_4,1_4,1_4&#8243; _builder_version=\u00bb4.7.7&#8243; _module_preset=\u00bbdefault\u00bb][et_pb_column type=\u00bb1_4&#8243; _builder_version=\u00bb4.7.7&#8243; _module_preset=\u00bbdefault\u00bb][et_pb_image src=\u00bbhttps:\/\/hgl.mspz3.gob.ec\/wp-content\/uploads\/2022\/12\/CAPACITACIONES.png\u00bb title_text=\u00bbCAPACITACIONES\u00bb url=\u00bbhttps:\/\/hgl.mspz3.gob.ec\/moodle_hgl\/\u00bb url_new_window=\u00bbon\u00bb _builder_version=\u00bb4.7.7&#8243; _module_preset=\u00bbdefault\u00bb][\/et_pb_image][et_pb_button button_url=\u00bbhttps:\/\/hgl.mspz3.gob.ec\/moodle_hgl\/\u00bb url_new_window=\u00bbon\u00bb button_text=\u00bbIr Al Sitio\u00bb button_alignment=\u00bbcenter\u00bb _builder_version=\u00bb4.7.7&#8243; _module_preset=\u00bbdefault\u00bb][\/et_pb_button][\/et_pb_column][et_pb_column type=\u00bb1_4&#8243; _builder_version=\u00bb4.7.7&#8243; _module_preset=\u00bbdefault\u00bb][et_pb_text _builder_version=\u00bb4.7.7&#8243; _module_preset=\u00bbdefault\u00bb custom_margin=\u00bb|-13px|7px|-16px||\u00bb custom_padding=\u00bb|0px||||\u00bb link_option_url=\u00bbhttps:\/\/hgl.mspz3.gob.ec\/moodle_hgl\/\u00bb]<\/p>\n<p style=\"text-align: justify;\"><strong>CAPACITACI\u00d3N VIRTUAL HGL<\/strong><\/p>\n<p style=\"text-align: justify;\">Es una plataforma de capacitaci\u00f3n virtual es un software utilizado para proveer <span><strong>capacitaciones <\/strong><\/span>online y contenido de aprendizaje al <span>personal de <strong>salud<\/strong> pretende producir cambios significativos en las concepciones, motivaciones y desempe\u00f1os de todos los integrantes del equipo de <strong>salud<\/strong>, en el marco de las funciones que ya ocupan<\/span>. Este software, normalmente, es una <a href=\"https:\/\/cursalab.io\/blog\/plataforma-lms\/\">plataforma LMS<\/a> (<em>learning management system<\/em>), que es un sistema dentro del que se gestionan los entornos, materiales y recursos de aprendizaje para la capacitaci\u00f3n virtual.<\/p>\n<p>[\/et_pb_text][\/et_pb_column][et_pb_column type=\u00bb1_4&#8243; _builder_version=\u00bb4.7.7&#8243; _module_preset=\u00bbdefault\u00bb][et_pb_image src=\u00bbhttps:\/\/hgl.mspz3.gob.ec\/wp-content\/uploads\/2022\/11\/f008.png\u00bb title_text=\u00bbf008&#8243; url=\u00bbhttp:\/\/192.168.10.113\/f008&#8243; url_new_window=\u00bbon\u00bb _builder_version=\u00bb4.7.7&#8243; _module_preset=\u00bbdefault\u00bb][\/et_pb_image][et_pb_button button_url=\u00bbhttp:\/\/192.168.10.113\/f008&#8243; url_new_window=\u00bbon\u00bb button_text=\u00bbIr Al Sitio\u00bb button_alignment=\u00bbcenter\u00bb _builder_version=\u00bb4.7.7&#8243; _module_preset=\u00bbdefault\u00bb][\/et_pb_button][\/et_pb_column][et_pb_column type=\u00bb1_4&#8243; _builder_version=\u00bb4.7.7&#8243; _module_preset=\u00bbdefault\u00bb][et_pb_text _builder_version=\u00bb4.7.7&#8243; _module_preset=\u00bbdefault\u00bb custom_margin=\u00bb|-13px|7px|-16px||\u00bb custom_padding=\u00bb|0px||||\u00bb]<\/p>\n<p style=\"text-align: center;\"><strong>SISTEMA FORMULARIO 008 MSP<\/strong><\/p>\n<p style=\"text-align: justify;\">El <strong>formulario 008<\/strong> es un documento oficial creado por el Ministerio de Salud P\u00fablica del Ecuador. Sus caracter\u00edsticas est\u00e1n fundamentadas en el criterio t\u00e9cnico de expertos que trabajan en los servicios de emergencia.<\/p>\n<p>[\/et_pb_text][\/et_pb_column][\/et_pb_row][et_pb_row column_structure=\u00bb1_4,1_4,1_4,1_4&#8243; _builder_version=\u00bb4.7.7&#8243; _module_preset=\u00bbdefault\u00bb][et_pb_column type=\u00bb1_4&#8243; _builder_version=\u00bb4.7.7&#8243; _module_preset=\u00bbdefault\u00bb][et_pb_image src=\u00bbhttps:\/\/hgl.mspz3.gob.ec\/wp-content\/uploads\/2022\/12\/TICKET-TICS.png\u00bb title_text=\u00bbTICKET TICS\u00bb url=\u00bbhttp:\/\/192.168.10.73\/index.php\u00bb url_new_window=\u00bbon\u00bb _builder_version=\u00bb4.7.7&#8243; _module_preset=\u00bbdefault\u00bb][\/et_pb_image][et_pb_button button_url=\u00bbhttp:\/\/192.168.10.73\/index.php\u00bb url_new_window=\u00bbon\u00bb button_text=\u00bbIr Al Sitio\u00bb button_alignment=\u00bbcenter\u00bb _builder_version=\u00bb4.7.7&#8243; _module_preset=\u00bbdefault\u00bb][\/et_pb_button][\/et_pb_column][et_pb_column type=\u00bb1_4&#8243; _builder_version=\u00bb4.7.7&#8243; _module_preset=\u00bbdefault\u00bb][et_pb_text _builder_version=\u00bb4.7.7&#8243; _module_preset=\u00bbdefault\u00bb custom_margin=\u00bb|-13px|5px|-16px||\u00bb custom_padding=\u00bb|0px||||\u00bb]<\/p>\n<p style=\"text-align: justify;\"><strong>SISTEMA DE TICKETS DE SOPORTE T\u00c9CNICO DE LA UNIDAD DE TIC&#8217;S GLPI<br \/> <\/strong><\/p>\n<p style=\"text-align: justify;\">Es una herramienta tecnol\u00f3gica que ayuda a la Instituci\u00f3n a administrar sus casos de soporte y de servicio al cliente. Este tipo de software permite el acceso a una cantidad ilimitada de solicitudes e incidentes de los funcionarios <strong>(lo que conocemos com\u00fanmente como ticket de soporte o ticket de helpdesk)<\/strong> que provienen de diferentes canales, y gestionarlos a trav\u00e9s de una \u00fanica interfaz.<\/p>\n<p style=\"text-align: justify;\"><span>\u00a0<\/span><\/p>\n<p>[\/et_pb_text][\/et_pb_column][et_pb_column type=\u00bb1_4&#8243; _builder_version=\u00bb4.7.7&#8243; _module_preset=\u00bbdefault\u00bb][et_pb_image src=\u00bbhttps:\/\/hgl.mspz3.gob.ec\/wp-content\/uploads\/2022\/11\/tickets_mantenimiento.png\u00bb title_text=\u00bbtickets_mantenimiento\u00bb url=\u00bbhttp:\/\/192.168.10.165\/ticket_mantenimiento\/\u00bb url_new_window=\u00bbon\u00bb _builder_version=\u00bb4.7.7&#8243; _module_preset=\u00bbdefault\u00bb][\/et_pb_image][et_pb_button button_url=\u00bbhttp:\/\/192.168.10.165\/ticket_mantenimiento\/\u00bb url_new_window=\u00bbon\u00bb button_text=\u00bbIr Al Sitio\u00bb button_alignment=\u00bbcenter\u00bb _builder_version=\u00bb4.7.7&#8243; _module_preset=\u00bbdefault\u00bb][\/et_pb_button][\/et_pb_column][et_pb_column type=\u00bb1_4&#8243; _builder_version=\u00bb4.7.7&#8243; _module_preset=\u00bbdefault\u00bb][et_pb_text _builder_version=\u00bb4.7.7&#8243; _module_preset=\u00bbdefault\u00bb custom_margin=\u00bb|-13px|7px|-16px||\u00bb custom_padding=\u00bb|0px||||\u00bb]<\/p>\n<p style=\"text-align: center;\"><strong>SISTEMA DE SOPORTE POR TICKETS DE LA UNIDAD DE MANTENIMIENTO<\/strong><\/p>\n<p style=\"text-align: justify;\"><span>Para agilizar las solicitudes de actividades inherentes al <strong>Mantenimiento<\/strong> de la Infraestructura Sanitaria y Equipamiento Biom\u00e9dico de esta Casa de Salud, utilizamos un sistema de tickets de soporte.<\/span><\/p>\n<p>[\/et_pb_text][\/et_pb_column][\/et_pb_row][et_pb_row column_structure=\u00bb1_4,1_4,1_4,1_4&#8243; _builder_version=\u00bb4.7.7&#8243; _module_preset=\u00bbdefault\u00bb][et_pb_column type=\u00bb1_4&#8243; _builder_version=\u00bb4.7.7&#8243; _module_preset=\u00bbdefault\u00bb][et_pb_image src=\u00bbhttps:\/\/hgl.mspz3.gob.ec\/wp-content\/uploads\/2025\/05\/login_agenda.png\u00bb title_text=\u00bblogin_agenda\u00bb url=\u00bbhttp:\/\/192.168.10.160\/AgendaGestionV2&#8243; url_new_window=\u00bbon\u00bb _builder_version=\u00bb4.7.7&#8243; _module_preset=\u00bbdefault\u00bb][\/et_pb_image][et_pb_button button_url=\u00bbhttp:\/\/192.168.10.160\/AgendaGestionV2&#8243; url_new_window=\u00bbon\u00bb button_text=\u00bbIr Al Sitio\u00bb button_alignment=\u00bbcenter\u00bb _builder_version=\u00bb4.7.7&#8243; _module_preset=\u00bbdefault\u00bb][\/et_pb_button][\/et_pb_column][et_pb_column type=\u00bb1_4&#8243; _builder_version=\u00bb4.7.7&#8243; _module_preset=\u00bbdefault\u00bb][et_pb_text _builder_version=\u00bb4.7.7&#8243; _module_preset=\u00bbdefault\u00bb custom_margin=\u00bb|-13px|5px|-16px||\u00bb custom_padding=\u00bb|0px||||\u00bb]<\/p>\n<p style=\"text-align: center;\"><strong>SISTEMA DE REGISTRO DIARIO DE CIRUG\u00cdA<\/strong><\/p>\n<p style=\"text-align: justify;\">Sistema para el <strong>Registro de Cirug\u00edas<\/strong>.<\/p>\n<p>[\/et_pb_text][\/et_pb_column][et_pb_column type=\u00bb1_4&#8243; _builder_version=\u00bb4.7.7&#8243; _module_preset=\u00bbdefault\u00bb][et_pb_image src=\u00bbhttps:\/\/hgl.mspz3.gob.ec\/wp-content\/uploads\/2025\/02\/next_cloud_back.png\u00bb title_text=\u00bbnext_cloud_back\u00bb url=\u00bbhttp:\/\/192.168.10.238\/index.php\u00bb url_new_window=\u00bbon\u00bb _builder_version=\u00bb4.7.7&#8243; _module_preset=\u00bbdefault\u00bb][\/et_pb_image][et_pb_button button_url=\u00bbhttp:\/\/192.168.10.238\/index.php\u00bb url_new_window=\u00bbon\u00bb button_text=\u00bbIr Al Sitio\u00bb button_alignment=\u00bbcenter\u00bb _builder_version=\u00bb4.7.7&#8243; _module_preset=\u00bbdefault\u00bb][\/et_pb_button][\/et_pb_column][et_pb_column type=\u00bb1_4&#8243; _builder_version=\u00bb4.7.7&#8243; _module_preset=\u00bbdefault\u00bb][et_pb_text _builder_version=\u00bb4.7.7&#8243; _module_preset=\u00bbdefault\u00bb custom_margin=\u00bb|-13px|7px|-16px||\u00bb custom_padding=\u00bb|0px||||\u00bb]<\/p>\n<p style=\"text-align: center;\"><strong>CONSERVACI\u00d3N DE ARCHIVOS<\/strong><\/p>\n<p style=\"text-align: justify;\"><span><em>\u00abArt\u00edculo 20.- Documentos firmados electr\u00f3nicamente.- Todos los documentos emitidos en los procesos de contrataci\u00f3n p\u00fablica deben estar suscritos mediante firma electr\u00f3nica, en las etapas preparatoria, precontractual, contractual y evaluaci\u00f3n ex post..\u00bb<\/em><\/span><\/p>\n<p>[\/et_pb_text][\/et_pb_column][\/et_pb_row][\/et_pb_section]<\/p>\n","protected":false},"excerpt":{"rendered":"<p>[et_pb_section fb_built=\u00bb1&#8243; _builder_version=\u00bb4.7.7&#8243; _module_preset=\u00bbdefault\u00bb custom_padding=\u00bb4px|||||\u00bb][et_pb_row column_structure=\u00bb1_4,1_4,1_4,1_4&#8243; _builder_version=\u00bb4.7.7&#8243; _module_preset=\u00bbdefault\u00bb][et_pb_column type=\u00bb1_4&#8243; _builder_version=\u00bb4.7.7&#8243; _module_preset=\u00bbdefault\u00bb][et_pb_image src=\u00bbhttps:\/\/hgl.mspz3.gob.ec\/wp-content\/uploads\/2022\/11\/pras.png\u00bb title_text=\u00bbpras\u00bb url=\u00bbhttps:\/\/sgrdacaa.msp.gob.ec\/\u00bb url_new_window=\u00bbon\u00bb _builder_version=\u00bb4.7.7&#8243; _module_preset=\u00bbdefault\u00bb][\/et_pb_image][et_pb_button button_url=\u00bbhttps:\/\/sgrdacaa.msp.gob.ec\/\u00bb url_new_window=\u00bbon\u00bb button_text=\u00bbIr Al Sitio\u00bb button_alignment=\u00bbcenter\u00bb _builder_version=\u00bb4.7.7&#8243; _module_preset=\u00bbdefault\u00bb][\/et_pb_button][\/et_pb_column][et_pb_column type=\u00bb1_4&#8243; _builder_version=\u00bb4.7.7&#8243; _module_preset=\u00bbdefault\u00bb][et_pb_text _builder_version=\u00bb4.7.7&#8243; _module_preset=\u00bbdefault\u00bb custom_margin=\u00bb|-13px|5px|-16px||\u00bb custom_padding=\u00bb|0px||||\u00bb] PLATAFORMA DE REGISTRO DE ATENCI\u00d3N EN SALUD (PRAS) La Plataforma de Registro de Atenci\u00f3n en Salud (PRAS), es una herramienta inform\u00e1ticaque permite la [&hellip;]<\/p>\n","protected":false},"author":1,"featured_media":0,"parent":0,"menu_order":0,"comment_status":"closed","ping_status":"closed","template":"","meta":{"_et_pb_use_builder":"on","_et_pb_old_content":"","_et_gb_content_width":"","footnotes":""},"class_list":["post-207738","page","type-page","status-publish","hentry"],"_links":{"self":[{"href":"https:\/\/hgl.mspz3.gob.ec\/index.php\/wp-json\/wp\/v2\/pages\/207738","targetHints":{"allow":["GET"]}}],"collection":[{"href":"https:\/\/hgl.mspz3.gob.ec\/index.php\/wp-json\/wp\/v2\/pages"}],"about":[{"href":"https:\/\/hgl.mspz3.gob.ec\/index.php\/wp-json\/wp\/v2\/types\/page"}],"author":[{"embeddable":true,"href":"https:\/\/hgl.mspz3.gob.ec\/index.php\/wp-json\/wp\/v2\/users\/1"}],"replies":[{"embeddable":true,"href":"https:\/\/hgl.mspz3.gob.ec\/index.php\/wp-json\/wp\/v2\/comments?post=207738"}],"version-history":[{"count":38,"href":"https:\/\/hgl.mspz3.gob.ec\/index.php\/wp-json\/wp\/v2\/pages\/207738\/revisions"}],"predecessor-version":[{"id":209603,"href":"https:\/\/hgl.mspz3.gob.ec\/index.php\/wp-json\/wp\/v2\/pages\/207738\/revisions\/209603"}],"wp:attachment":[{"href":"https:\/\/hgl.mspz3.gob.ec\/index.php\/wp-json\/wp\/v2\/media?parent=207738"}],"curies":[{"name":"wp","href":"https:\/\/api.w.org\/{rel}","templated":true}]}}