{"id":207806,"date":"2022-11-13T20:11:49","date_gmt":"2022-11-13T20:11:49","guid":{"rendered":"https:\/\/hgl.mspz3.gob.ec\/?page_id=207806"},"modified":"2025-05-05T16:58:11","modified_gmt":"2025-05-05T16:58:11","slug":"gestion-financiera","status":"publish","type":"page","link":"https:\/\/hgl.mspz3.gob.ec\/index.php\/gestion-financiera\/","title":{"rendered":"Gesti\u00f3n Financiera"},"content":{"rendered":"<p>[et_pb_section fb_built=\u00bb1&#8243; _builder_version=\u00bb4.7.7&#8243; _module_preset=\u00bbdefault\u00bb custom_padding=\u00bb15px||0px|||\u00bb][et_pb_row _builder_version=\u00bb4.7.7&#8243; _module_preset=\u00bbdefault\u00bb custom_margin=\u00bb-8px|auto|3px|auto||\u00bb custom_padding=\u00bb5px||0px|||\u00bb][et_pb_column type=\u00bb4_4&#8243; _builder_version=\u00bb4.7.7&#8243; _module_preset=\u00bbdefault\u00bb][et_pb_text _builder_version=\u00bb4.7.7&#8243; _module_preset=\u00bbdefault\u00bb custom_padding=\u00bb0px||2px|||\u00bb]<\/p>\n<h3><strong><\/strong><\/h3>\n<h2><strong>Misi\u00f3n:<\/strong><\/h2>\n<p>Administrar, organizar y controlar las actividades financiero-contables del Hospital, proporcionando \u00e1gil, oportuna y transparentemente los recursos financieros requeridos para la ejecuci\u00f3n de los planes, programas y proyectos de la instituci\u00f3n.<span style=\"font-size: 14px;\">\u00a0<\/span><\/p>\n<h3><strong>Productos y servicios<\/strong><\/h3>\n<h3><strong><\/strong><\/h3>\n<h3><strong>Contabilidad<\/strong><\/h3>\n<p><strong><\/strong><\/p>\n<ul>\n<li>Sistema de contabilidad por partida doble, adecuada a las necesidades del Hospital, incluyendo las t\u00e9cnicas presupuestarias, c\u00f3digos en instructivo de cuentas, registros y otros documentos pertinentes;<\/li>\n<li>Registro de los ingresos que origine el Hospital;<\/li>\n<li>Registro del movimiento de las cuentas bancarias del Hospital para conciliaci\u00f3n;<\/li>\n<li>Informes de control previo de la documentaci\u00f3n de soporte para la ejecuci\u00f3n del presupuesto y determinar la recaudaci\u00f3n de los recursos financieros de tesorer\u00eda y contabilidad;<\/li>\n<li>Comprobantes de pago en base a la documentaci\u00f3n aprobada por las autoridades competentes seg\u00fan procedimientos establecidos;<\/li>\n<li>Comprobantes de gastos efectivizados y registrar con aplicaci\u00f3n a rubros y partidas correspondientes;<\/li>\n<li>Registro de los recursos financieros e inventarios contables del hospital;<\/li>\n<li>Arqueos sorpresivos de caja;<\/li>\n<li>Informes de control final de los documentos habilitantes y retenciones de ley previo al pago;<\/li>\n<li>Estados financieros mensuales y otros indicadores con sus respectivos an\u00e1lisis, para ser entregados a la Gerencia Hospitalaria;<\/li>\n<li>Contabilidad de costos, an\u00e1lisis de costos de las prestaciones asistenciales;<\/li>\n<li>Archivo de la documentaci\u00f3n que respalde las operaciones de Contabilidad.<\/li>\n<\/ul>\n<h3><strong>Administraci\u00f3n de caja<\/strong><\/h3>\n<ul>\n<li>Flujos de caja que aseguren la disponibilidad financiera y oportuna para cumplir con las obligaciones y adquisiciones del hospital;<\/li>\n<li>Solicitud de la cuota mensual de asignaci\u00f3n fiscal;<\/li>\n<li>Custodia, control, renovaci\u00f3n y ejecuci\u00f3n de garant\u00edas;<\/li>\n<li>Dep\u00f3sitos diarios en la cuenta bancaria respectiva todos los ingresos del Hospital en la forma en que fueron recibidos;<\/li>\n<li>Comprobantes de dep\u00f3sitos bancarios diarios;<\/li>\n<li>Informes de control previo y concurrente de las operaciones;<\/li>\n<li>Registro de las transferencias de pago previa presentaci\u00f3n de los comprobantes legalizados y autorizados por las autoridades competentes del Hospital;<\/li>\n<li>Comprobantes de egreso de los Proveedores, con los respectivos respaldos;<\/li>\n<li>Informes diarios de los ingresos y pagos realizados con la documentaci\u00f3n pertinente en forma oportuna y sistem\u00e1tica;<\/li>\n<li>Pago de obligaciones econ\u00f3micas de la instituci\u00f3n previa autorizaci\u00f3n expresa de la autoridad competente;<\/li>\n<li>Archivo de la documentaci\u00f3n que respalde las operaciones de Administraci\u00f3n de Caja.<\/li>\n<\/ul>\n<h3><strong>Recaudaci\u00f3n<\/strong><\/h3>\n<ul>\n<li>Recaudaci\u00f3n de los valores de autogesti\u00f3n referentes al SOAT o equivalentes, con su respectiva factura;<\/li>\n<li>Informar sobre los valores del SOAT o equivalentes recaudados;<\/li>\n<li>Registros de dineros recaudados del SOAT o equivalentes para ser informados a la Administraci\u00f3n de caja;<\/li>\n<\/ul>\n<h3><strong>Presupuesto<\/strong><\/h3>\n<ul>\n<li>Presupuesto anual del Hospital;<\/li>\n<li>Sistema de presupuesto adecuado a las necesidades del Hospital, incluyendo t\u00e9cnicas presupuestarias, C\u00f3digo, Registros por partidas y documentos pertinentes;<\/li>\n<li>Informes de control presupuestario por partidas;<\/li>\n<li>Aplicaci\u00f3n contable presupuestaria;<\/li>\n<li>Certificaciones presupuestarias que validen los gastos previstos de conformidad con las previsiones establecidas en las leyes, normas, y reglamentos vigentes y en coordinaci\u00f3n con la unidad de Planificaci\u00f3n, Seguimiento y Evaluaci\u00f3n de Gesti\u00f3n;<\/li>\n<li>Informes mensuales y cuatrimestrales con sus respectivos an\u00e1lisis en coordinaci\u00f3n con el Ministerio de Finanzas sobre la ejecuci\u00f3n, modificaciones presupuestarias y las programaciones financieras;<\/li>\n<li>Programaci\u00f3n, formulaci\u00f3n, ejecuci\u00f3n, evaluaci\u00f3n y liquidaci\u00f3n del presupuesto institucional en coordinaci\u00f3n con la unidad de Planificaci\u00f3n, Seguimiento y Evaluaci\u00f3n de Gesti\u00f3n;<\/li>\n<li>Archivo de la documentaci\u00f3n que respalde las operaciones presupuestarias<\/li>\n<\/ul>\n<p>[\/et_pb_text][\/et_pb_column][\/et_pb_row][\/et_pb_section]<\/p>\n","protected":false},"excerpt":{"rendered":"<p>[et_pb_section fb_built=\u00bb1&#8243; _builder_version=\u00bb4.7.7&#8243; _module_preset=\u00bbdefault\u00bb custom_padding=\u00bb15px||0px|||\u00bb][et_pb_row _builder_version=\u00bb4.7.7&#8243; _module_preset=\u00bbdefault\u00bb custom_margin=\u00bb-8px|auto|3px|auto||\u00bb custom_padding=\u00bb5px||0px|||\u00bb][et_pb_column type=\u00bb4_4&#8243; _builder_version=\u00bb4.7.7&#8243; _module_preset=\u00bbdefault\u00bb][et_pb_text _builder_version=\u00bb4.7.7&#8243; _module_preset=\u00bbdefault\u00bb custom_padding=\u00bb0px||2px|||\u00bb] Misi\u00f3n: Administrar, organizar y controlar las actividades financiero-contables del Hospital, proporcionando \u00e1gil, oportuna y transparentemente los recursos financieros requeridos para la ejecuci\u00f3n de los planes, programas y proyectos de la instituci\u00f3n.\u00a0 Productos y servicios Contabilidad Sistema de contabilidad por partida [&hellip;]<\/p>\n","protected":false},"author":1,"featured_media":0,"parent":0,"menu_order":0,"comment_status":"closed","ping_status":"closed","template":"","meta":{"_et_pb_use_builder":"on","_et_pb_old_content":"","_et_gb_content_width":"","footnotes":""},"class_list":["post-207806","page","type-page","status-publish","hentry"],"_links":{"self":[{"href":"https:\/\/hgl.mspz3.gob.ec\/index.php\/wp-json\/wp\/v2\/pages\/207806","targetHints":{"allow":["GET"]}}],"collection":[{"href":"https:\/\/hgl.mspz3.gob.ec\/index.php\/wp-json\/wp\/v2\/pages"}],"about":[{"href":"https:\/\/hgl.mspz3.gob.ec\/index.php\/wp-json\/wp\/v2\/types\/page"}],"author":[{"embeddable":true,"href":"https:\/\/hgl.mspz3.gob.ec\/index.php\/wp-json\/wp\/v2\/users\/1"}],"replies":[{"embeddable":true,"href":"https:\/\/hgl.mspz3.gob.ec\/index.php\/wp-json\/wp\/v2\/comments?post=207806"}],"version-history":[{"count":15,"href":"https:\/\/hgl.mspz3.gob.ec\/index.php\/wp-json\/wp\/v2\/pages\/207806\/revisions"}],"predecessor-version":[{"id":209200,"href":"https:\/\/hgl.mspz3.gob.ec\/index.php\/wp-json\/wp\/v2\/pages\/207806\/revisions\/209200"}],"wp:attachment":[{"href":"https:\/\/hgl.mspz3.gob.ec\/index.php\/wp-json\/wp\/v2\/media?parent=207806"}],"curies":[{"name":"wp","href":"https:\/\/api.w.org\/{rel}","templated":true}]}}