{"id":207828,"date":"2022-11-13T21:25:59","date_gmt":"2022-11-13T21:25:59","guid":{"rendered":"https:\/\/hgl.mspz3.gob.ec\/?page_id=207828"},"modified":"2025-05-05T16:59:45","modified_gmt":"2025-05-05T16:59:45","slug":"gestion-de-tecnologias-de-la-informacion-y-comunicaciones","status":"publish","type":"page","link":"https:\/\/hgl.mspz3.gob.ec\/index.php\/gestion-de-tecnologias-de-la-informacion-y-comunicaciones\/","title":{"rendered":"Gesti\u00f3n de Tecnolog\u00edas de la Informaci\u00f3n y Comunicaciones"},"content":{"rendered":"<p>[et_pb_section fb_built=\u00bb1&#8243; _builder_version=\u00bb4.7.7&#8243; _module_preset=\u00bbdefault\u00bb custom_padding=\u00bb15px||0px|||\u00bb][et_pb_row column_structure=\u00bb3_5,2_5&#8243; _builder_version=\u00bb4.7.7&#8243; _module_preset=\u00bbdefault\u00bb][et_pb_column type=\u00bb3_5&#8243; _builder_version=\u00bb4.7.7&#8243; _module_preset=\u00bbdefault\u00bb][et_pb_text _builder_version=\u00bb4.7.7&#8243; _module_preset=\u00bbdefault\u00bb]<\/p>\n<h2><strong><\/strong><\/h2>\n<h2><strong>Misi\u00f3n:<\/strong><\/h2>\n<p style=\"text-align: justify;\">Aplicar las normas y procedimientos que efectivicen la gesti\u00f3n y administraci\u00f3n de las tecnolog\u00edas de la informaci\u00f3n y comunicaciones, orientadas a la optimizaci\u00f3n de los recursos y fortalecimiento de la red interna para mejorar la eficiencia en la atenci\u00f3n a los pacientes.<\/p>\n<p>[\/et_pb_text][\/et_pb_column][et_pb_column type=\u00bb2_5&#8243; _builder_version=\u00bb4.7.7&#8243; _module_preset=\u00bbdefault\u00bb][\/et_pb_column][\/et_pb_row][et_pb_row _builder_version=\u00bb4.7.7&#8243; _module_preset=\u00bbdefault\u00bb custom_margin=\u00bb|auto|3px|auto||\u00bb custom_padding=\u00bb5px||9px|||\u00bb][et_pb_column type=\u00bb4_4&#8243; _builder_version=\u00bb4.7.7&#8243; _module_preset=\u00bbdefault\u00bb][et_pb_text _builder_version=\u00bb4.7.7&#8243; _module_preset=\u00bbdefault\u00bb custom_padding=\u00bb0px||0px|||\u00bb]<\/p>\n<h2><strong style=\"font-size: 26px;\">Productos y Servicios:<\/strong><\/h2>\n<ul>\n<li style=\"text-align: justify;\">Mantenimiento a las l\u00edneas de red;<\/li>\n<li style=\"text-align: justify;\">Acciones preventivas y correctivas de software y Hardware;<\/li>\n<li style=\"text-align: justify;\">Informes sobre las acciones preventivas y correctivas de software y Hardware realizadas;<\/li>\n<li style=\"text-align: justify;\">Informes sobre las redes de conectividad;<\/li>\n<li style=\"text-align: justify;\">Plan de mejoramiento de redes;<\/li>\n<li style=\"text-align: justify;\">Plan de contingencias sobre respaldos de informaci\u00f3n;<\/li>\n<li style=\"text-align: justify;\">Mantenimiento de programas inform\u00e1ticos existentes;<\/li>\n<li style=\"text-align: justify;\">Sistemas de informaci\u00f3n en las diferentes \u00e1reas y pagina WEB del Hospital actualizada;<\/li>\n<li style=\"text-align: justify;\">Central telef\u00f3nica digital;<\/li>\n<li style=\"text-align: justify;\">Servicio de internet a las diferentes unidades del hospital;<\/li>\n<li style=\"text-align: justify;\">Correo institucional;<\/li>\n<li style=\"text-align: justify;\">Inventario de los equipos tecnol\u00f3gicos computacionales y comunicacionales;<\/li>\n<li style=\"text-align: justify;\">Actas de la entrega recepci\u00f3n de los equipos adquiridos en coordinaci\u00f3n con las \u00e1reas de Activos Fijos y Bodega;<\/li>\n<li style=\"text-align: justify;\">Informes de funcionamiento de los equipos adquiridos y otros equipos tecnol\u00f3gicos computacionales y comunicacionales de la instituci\u00f3n en coordinaci\u00f3n con las \u00e1reas de Activos Fijos y Bodega;<\/li>\n<li style=\"text-align: justify;\">Traslado de los equipos tecnol\u00f3gicos computacionales y comunicacionales de la instituci\u00f3n en coordinaci\u00f3n con las \u00e1reas de Activos Fijos y Bodega.<\/li>\n<\/ul>\n<p><strong><\/strong><\/p>\n<p>[\/et_pb_text][et_pb_text _builder_version=\u00bb4.7.7&#8243; _module_preset=\u00bbdefault\u00bb custom_margin=\u00bb-21px|||||\u00bb]<\/p>\n<h2><strong>Documentos:<\/strong><\/h2>\n<p>&#8211;\u00a0<a href=\"https:\/\/hgl.mspz3.gob.ec\/wp-content\/uploads\/2023\/01\/Politica_Uso_Servicios_Red_Servicios_InformaticosMSP2.pdf\" target=\"_blank\" rel=\"noopener noreferrer\" title=\"Pol\u00edticas de Uso de Servicios de Red y Servicios Inform\u00e1ticos del Ministerio de Salud P\u00fablica\">Pol\u00edticas de Uso de Servicios de Red y Servicios Inform\u00e1ticos del Ministerio de Salud P\u00fablica<\/a><\/p>\n<p>[\/et_pb_text][\/et_pb_column][\/et_pb_row][\/et_pb_section]<\/p>\n","protected":false},"excerpt":{"rendered":"<p>[et_pb_section fb_built=\u00bb1&#8243; _builder_version=\u00bb4.7.7&#8243; _module_preset=\u00bbdefault\u00bb custom_padding=\u00bb15px||0px|||\u00bb][et_pb_row column_structure=\u00bb3_5,2_5&#8243; _builder_version=\u00bb4.7.7&#8243; _module_preset=\u00bbdefault\u00bb][et_pb_column type=\u00bb3_5&#8243; _builder_version=\u00bb4.7.7&#8243; _module_preset=\u00bbdefault\u00bb][et_pb_text _builder_version=\u00bb4.7.7&#8243; _module_preset=\u00bbdefault\u00bb] Misi\u00f3n: Aplicar las normas y procedimientos que efectivicen la gesti\u00f3n y administraci\u00f3n de las tecnolog\u00edas de la informaci\u00f3n y comunicaciones, orientadas a la optimizaci\u00f3n de los recursos y fortalecimiento de la red interna para mejorar la eficiencia en la atenci\u00f3n a los [&hellip;]<\/p>\n","protected":false},"author":1,"featured_media":0,"parent":0,"menu_order":0,"comment_status":"closed","ping_status":"closed","template":"","meta":{"_et_pb_use_builder":"on","_et_pb_old_content":"","_et_gb_content_width":"","footnotes":""},"class_list":["post-207828","page","type-page","status-publish","hentry"],"_links":{"self":[{"href":"https:\/\/hgl.mspz3.gob.ec\/index.php\/wp-json\/wp\/v2\/pages\/207828","targetHints":{"allow":["GET"]}}],"collection":[{"href":"https:\/\/hgl.mspz3.gob.ec\/index.php\/wp-json\/wp\/v2\/pages"}],"about":[{"href":"https:\/\/hgl.mspz3.gob.ec\/index.php\/wp-json\/wp\/v2\/types\/page"}],"author":[{"embeddable":true,"href":"https:\/\/hgl.mspz3.gob.ec\/index.php\/wp-json\/wp\/v2\/users\/1"}],"replies":[{"embeddable":true,"href":"https:\/\/hgl.mspz3.gob.ec\/index.php\/wp-json\/wp\/v2\/comments?post=207828"}],"version-history":[{"count":6,"href":"https:\/\/hgl.mspz3.gob.ec\/index.php\/wp-json\/wp\/v2\/pages\/207828\/revisions"}],"predecessor-version":[{"id":209203,"href":"https:\/\/hgl.mspz3.gob.ec\/index.php\/wp-json\/wp\/v2\/pages\/207828\/revisions\/209203"}],"wp:attachment":[{"href":"https:\/\/hgl.mspz3.gob.ec\/index.php\/wp-json\/wp\/v2\/media?parent=207828"}],"curies":[{"name":"wp","href":"https:\/\/api.w.org\/{rel}","templated":true}]}}