{"id":207836,"date":"2022-11-13T21:33:37","date_gmt":"2022-11-13T21:33:37","guid":{"rendered":"https:\/\/hgl.mspz3.gob.ec\/?page_id=207836"},"modified":"2025-05-05T16:58:51","modified_gmt":"2025-05-05T16:58:51","slug":"gestion-administrativa","status":"publish","type":"page","link":"https:\/\/hgl.mspz3.gob.ec\/index.php\/gestion-administrativa\/","title":{"rendered":"Gesti\u00f3n Administrativa"},"content":{"rendered":"<p>[et_pb_section fb_built=\u00bb1&#8243; _builder_version=\u00bb4.7.7&#8243; _module_preset=\u00bbdefault\u00bb custom_padding=\u00bb15px||0px|||\u00bb][et_pb_row _builder_version=\u00bb4.7.7&#8243; _module_preset=\u00bbdefault\u00bb custom_margin=\u00bb|auto|3px|auto||\u00bb custom_padding=\u00bb5px||0px|||\u00bb][et_pb_column type=\u00bb4_4&#8243; _builder_version=\u00bb4.7.7&#8243; _module_preset=\u00bbdefault\u00bb][et_pb_text _builder_version=\u00bb4.7.7&#8243; _module_preset=\u00bbdefault\u00bb custom_padding=\u00bb0px||2px|||\u00bb]<\/p>\n<h2><strong>Misi\u00f3n:<\/strong><\/h2>\n<p>Administrar con eficiencia, eficacia y efectividad los recursos materiales, suministros, bienes y servicios requeridos para la ejecuci\u00f3n de los planes, programas, proyectos y\u00a0 actividades del hospital.<\/p>\n<h3><strong>Productos y Servicios:<\/strong><\/h3>\n<ul>\n<li>Contrataci\u00f3n P\u00fablica<\/li>\n<li>Activos Fijos y Bodega<\/li>\n<li>Mantenimiento<\/li>\n<li>Servicios Generales<\/li>\n<\/ul>\n<p><strong><\/strong><\/p>\n<h3><strong>Contrataci\u00f3n P\u00fablica<\/strong><\/h3>\n<ul>\n<li>Procesos precontractuales y de contrataci\u00f3n (incluso de seguros) contemplados en la Ley Org\u00e1nica del Sistema Nacional de Contrataci\u00f3n y administraci\u00f3n del Portal de Compras P\u00fablicas;<\/li>\n<li>Informes de la atenci\u00f3n de requerimientos de las diferentes unidades del hospital;<\/li>\n<li>Comprobante de \u00f3rdenes de pago por las adquisiciones realizadas;<\/li>\n<li>Plan anual de compras p\u00fablicas, adquisiciones y contrataciones del hospital;<\/li>\n<li>Informes de compras generales;<\/li>\n<li>Informes de compras de medicamentos e insumos;<\/li>\n<li>Informe de ejecuci\u00f3n del plan anual de adquisiciones y contrataciones de acuerdo a la ley Org\u00e1nica de Contrataci\u00f3n P\u00fablica y su reglamento;<\/li>\n<li>Asesor\u00eda en la elaboraci\u00f3n de t\u00e9rminos de referencia para realizar los procesos de contrataci\u00f3n;<\/li>\n<li>An\u00e1lisis de costos y cotizaciones de bienes, servicios u obras;<\/li>\n<li>Solicitudes de certificaciones presupuestarias de los subprocesos pertenecientes a la Coordinaci\u00f3n Administrativa Financiera;<\/li>\n<li>Verificaci\u00f3n en la recepci\u00f3n de productos y servicios en coordinaci\u00f3n con bodega y el \u00e1rea requirente.<\/li>\n<\/ul>\n<h3><strong>Activos Fijos y Bodega<\/strong><\/h3>\n<ul>\n<li>Informe consolidado de custodia y uso de bienes del hospital;<\/li>\n<li>Reportes de ingresos, egresos y consumos de suministros, materiales y bienes de larga duraci\u00f3n del hospital;<\/li>\n<li>Inventario actualizado de los bienes muebles e inmuebles del hospital;<\/li>\n<li>Sistema de inventario de activos fijos y bodega del hospital;<\/li>\n<li>Plan anual de adquisici\u00f3n de bienes de larga duraci\u00f3n para el Hospital, en coordinaci\u00f3n con la Direcci\u00f3n Asistencial, unidades asistenciales y los comit\u00e9s\u00a0 respectivos;<\/li>\n<li>Actas de entrega-recepci\u00f3n de bienes;<\/li>\n<li>Reportes de gesti\u00f3n de Pr\u00f3tesis e Implantes;<\/li>\n<li>Informe de donaciones ejecutadas;<\/li>\n<li>Informe de administraci\u00f3n de bodegas;<\/li>\n<li>Inventario de suministros y materiales;<\/li>\n<li>Informe de ingresos y egresos de suministros y materiales;<\/li>\n<li>Informe de ingresos de medicamentos, insumos y otros en coordinaci\u00f3n con la unidad de Farmacia;<\/li>\n<li>Informe de ingresos y egresos de vacunas y medicamentos que requieren cadena de fr\u00edo en coordinaci\u00f3n con la unidad de Farmacia.<\/li>\n<\/ul>\n<h3><strong>Mantenimiento<\/strong><\/h3>\n<ul>\n<li>Plan de mantenimiento preventivo y correctivo de los bienes muebles, inmuebles, equipos de electro medicina y veh\u00edculos a cargo del hospital;<\/li>\n<li>Proyecto de infraestructura y bienes de larga duraci\u00f3n del hospital, de acuerdo con las directrices del MSP;<\/li>\n<li>Informes sobre la repartici\u00f3n y adecuaciones que se realicen en los espacios verdes, oficinas y bodegas del hospital;<\/li>\n<li>Informe de ejecuci\u00f3n del mantenimiento de bienes muebles e inmuebles del hospital;<\/li>\n<li>Gesti\u00f3n energ\u00e9tica y medio-ambiental;<\/li>\n<li>Sistema de control de transportes;<\/li>\n<li>Informe mensual de la adquisici\u00f3n de pasajes a\u00e9reos, reembolsos y pasajes premio;<\/li>\n<li>Salvoconductos y documentos que soporten la legalidad y cumplimiento del servicio de transporte prestado;<\/li>\n<li>Matriculas, revisi\u00f3n de veh\u00edculos y seguros de los veh\u00edculos del hospital;<\/li>\n<li>Solicitud de pago por utilizaci\u00f3n de combustible, lubricantes y compra de piezas o accesorios de veh\u00edculos;<\/li>\n<li>Informe consolidado de pagos de servicios b\u00e1sicos.<\/li>\n<\/ul>\n<h3><strong>Servicios Generales<\/strong><\/h3>\n<ul>\n<li>Plan de gesti\u00f3n, incluida la asignaci\u00f3n econ\u00f3mica, de los servicios generales basados en la planificaci\u00f3n previa y \u00f3rdenes de trabajo requeridas por las unidades del\u00a0 hospital;<\/li>\n<li>Plan de gesti\u00f3n de residuos hospitalarios;<\/li>\n<li>T\u00e9rminos de referencia en los que se define los requerimientos t\u00e9cnicos, procedimientos y est\u00e1ndares de calidad de la prestaci\u00f3n de los servicios generales;<\/li>\n<li>Proyectos de pliegos de licitaci\u00f3n, contrataci\u00f3n de los servicios que cumplan los requerimientos y est\u00e1ndares de calidad y disponibilidad prefijados;<\/li>\n<li>Informes de evaluaci\u00f3n de la prestaci\u00f3n de los servicios prestados por proveedores externos, para ejecutar su respectiva penalizaci\u00f3n econ\u00f3mica en caso de incumplimiento de los est\u00e1ndares y disponibilidad prefijados;<\/li>\n<li>Informes peri\u00f3dicos sobre el cumplimiento de los contratos mantenidos;<\/li>\n<li>Solicitud de Pago referentes a los servicios contratados para la instituci\u00f3n;<\/li>\n<li>Sistema de informaci\u00f3n de servicios hoteleros y generales, limpieza, carpinter\u00eda, electricidad, conserjer\u00eda, entre otras.<\/li>\n<\/ul>\n<p>[\/et_pb_text][\/et_pb_column][\/et_pb_row][\/et_pb_section]<\/p>\n","protected":false},"excerpt":{"rendered":"<p>[et_pb_section fb_built=\u00bb1&#8243; _builder_version=\u00bb4.7.7&#8243; _module_preset=\u00bbdefault\u00bb custom_padding=\u00bb15px||0px|||\u00bb][et_pb_row _builder_version=\u00bb4.7.7&#8243; _module_preset=\u00bbdefault\u00bb custom_margin=\u00bb|auto|3px|auto||\u00bb custom_padding=\u00bb5px||0px|||\u00bb][et_pb_column type=\u00bb4_4&#8243; _builder_version=\u00bb4.7.7&#8243; _module_preset=\u00bbdefault\u00bb][et_pb_text _builder_version=\u00bb4.7.7&#8243; _module_preset=\u00bbdefault\u00bb custom_padding=\u00bb0px||2px|||\u00bb] Misi\u00f3n: Administrar con eficiencia, eficacia y efectividad los recursos materiales, suministros, bienes y servicios requeridos para la ejecuci\u00f3n de los planes, programas, proyectos y\u00a0 actividades del hospital. Productos y Servicios: Contrataci\u00f3n P\u00fablica Activos Fijos y Bodega Mantenimiento Servicios Generales Contrataci\u00f3n [&hellip;]<\/p>\n","protected":false},"author":1,"featured_media":0,"parent":0,"menu_order":0,"comment_status":"closed","ping_status":"closed","template":"","meta":{"_et_pb_use_builder":"on","_et_pb_old_content":"","_et_gb_content_width":"","footnotes":""},"class_list":["post-207836","page","type-page","status-publish","hentry"],"_links":{"self":[{"href":"https:\/\/hgl.mspz3.gob.ec\/index.php\/wp-json\/wp\/v2\/pages\/207836","targetHints":{"allow":["GET"]}}],"collection":[{"href":"https:\/\/hgl.mspz3.gob.ec\/index.php\/wp-json\/wp\/v2\/pages"}],"about":[{"href":"https:\/\/hgl.mspz3.gob.ec\/index.php\/wp-json\/wp\/v2\/types\/page"}],"author":[{"embeddable":true,"href":"https:\/\/hgl.mspz3.gob.ec\/index.php\/wp-json\/wp\/v2\/users\/1"}],"replies":[{"embeddable":true,"href":"https:\/\/hgl.mspz3.gob.ec\/index.php\/wp-json\/wp\/v2\/comments?post=207836"}],"version-history":[{"count":11,"href":"https:\/\/hgl.mspz3.gob.ec\/index.php\/wp-json\/wp\/v2\/pages\/207836\/revisions"}],"predecessor-version":[{"id":209202,"href":"https:\/\/hgl.mspz3.gob.ec\/index.php\/wp-json\/wp\/v2\/pages\/207836\/revisions\/209202"}],"wp:attachment":[{"href":"https:\/\/hgl.mspz3.gob.ec\/index.php\/wp-json\/wp\/v2\/media?parent=207836"}],"curies":[{"name":"wp","href":"https:\/\/api.w.org\/{rel}","templated":true}]}}