{"id":207913,"date":"2022-11-18T19:37:41","date_gmt":"2022-11-18T19:37:41","guid":{"rendered":"https:\/\/hgl.mspz3.gob.ec\/?page_id=207913"},"modified":"2025-05-05T17:05:40","modified_gmt":"2025-05-05T17:05:40","slug":"gestion-de-planificacion","status":"publish","type":"page","link":"https:\/\/hgl.mspz3.gob.ec\/index.php\/gestion-de-planificacion\/","title":{"rendered":"Gesti\u00f3n de Planificaci\u00f3n"},"content":{"rendered":"<p>[et_pb_section fb_built=\u00bb1&#8243; _builder_version=\u00bb4.7.7&#8243; _module_preset=\u00bbdefault\u00bb custom_padding=\u00bb15px||0px|||\u00bb][et_pb_row column_structure=\u00bb3_5,2_5&#8243; _builder_version=\u00bb4.7.7&#8243; _module_preset=\u00bbdefault\u00bb][et_pb_column type=\u00bb3_5&#8243; _builder_version=\u00bb4.7.7&#8243; _module_preset=\u00bbdefault\u00bb][et_pb_text _builder_version=\u00bb4.7.7&#8243; _module_preset=\u00bbdefault\u00bb]<\/p>\n<h2><strong>Misi\u00f3n:<\/strong><\/h2>\n<p style=\"text-align: justify;\">Articular los recursos, procedimientos y planes de salud en funci\u00f3n de las estrat\u00e9gicas y objetivos institucionales. Implementar sistemas de seguimiento y control que contribuyan a la evaluaci\u00f3n del cumplimiento de objetivos y metas y a la reducci\u00f3n de la brecha de oferta y demanda de los servicios de salud que ofrece el Hospital, con el prop\u00f3sito de generar satisfacci\u00f3n de los clientes internos, externos y el mejoramiento de los servicios que se ofrece a la poblaci\u00f3n.<\/p>\n<h3><\/h3>\n<p><strong><\/strong><\/p>\n<p>[\/et_pb_text][\/et_pb_column][et_pb_column type=\u00bb2_5&#8243; _builder_version=\u00bb4.7.7&#8243; _module_preset=\u00bbdefault\u00bb][\/et_pb_column][\/et_pb_row][et_pb_row _builder_version=\u00bb4.7.7&#8243; _module_preset=\u00bbdefault\u00bb custom_margin=\u00bb|auto|3px|auto||\u00bb custom_padding=\u00bb5px||0px|||\u00bb][et_pb_column type=\u00bb4_4&#8243; _builder_version=\u00bb4.7.7&#8243; _module_preset=\u00bbdefault\u00bb][et_pb_text _builder_version=\u00bb4.7.7&#8243; _module_preset=\u00bbdefault\u00bb custom_padding=\u00bb0px||2px|||\u00bb]<\/p>\n<h3><strong>Productos y Servicios:<\/strong><\/h3>\n<ul>\n<li style=\"text-align: justify;\">Sistema de informaci\u00f3n que facilite la toma de decisiones, en coordinaci\u00f3n con la unidad de Calidad y las distintas \u00e1reas del Hospital;<\/li>\n<li style=\"text-align: justify;\">Sistema de control y evaluaci\u00f3n de la gesti\u00f3n cl\u00ednico financiera e implantaci\u00f3n del cuadro de mandos;<\/li>\n<li style=\"text-align: justify;\">Plan Operativo Anual del Hospital, en funci\u00f3n de los insumos presentados por cada una de las unidades y para la aprobaci\u00f3n del Gerente Hospitalario\/a y el comit\u00e9 respectivo;<\/li>\n<li style=\"text-align: justify;\">Plan estrat\u00e9gico del Hospital, enfocado a los objetivos institucionales para la aprobaci\u00f3n del Gerente Hospitalario\/a y el comit\u00e9 respectivo;<\/li>\n<li style=\"text-align: justify;\">Plan de Inversi\u00f3n de Hospital en coordinaci\u00f3n con la Unidad Financiera para la aprobaci\u00f3n del Gerente Hospitalario\/a y el comit\u00e9 respectivo;<\/li>\n<li style=\"text-align: justify;\">Planes de prevenci\u00f3n y mitigaci\u00f3n de riesgos y de contingencia y emergencia ante eventos adversos para la aprobaci\u00f3n del Gerente Hospitalario\/a y el comit\u00e9 respectivo;<\/li>\n<li style=\"text-align: justify;\">Sistema de monitoreo y seguimiento de la planificaci\u00f3n anual de inversiones, estrat\u00e9gico, de objetivos, metas, indicadores y convenios;<\/li>\n<li style=\"text-align: justify;\">Reformas presupuestarias;\u00a0<\/li>\n<li style=\"text-align: justify;\">Estudios de oferta y demanda de los servicios de salud del Hospital;<\/li>\n<li style=\"text-align: justify;\">Reportes de la oferta de servicios m\u00e9dicos y complementarios que se coordinan con otras Instituciones del primer nivel;<\/li>\n<li style=\"text-align: justify;\">Diagnostico de necesidades de salud y actividades con la comunidad.<\/li>\n<li style=\"text-align: justify;\">Informes de seguimiento y desarrollo de la documentaci\u00f3n y expediente \u00fanico de Historia Cl\u00ednica con codificaci\u00f3n del conjunto M\u00ednimo de Datos B\u00e1sicos;<\/li>\n<li style=\"text-align: justify;\">Reportes y seguimiento de los convenios que tenga el hospital con otras instituciones de salud, p\u00fablicas, privadas e internacionales;<\/li>\n<li style=\"text-align: justify;\">Informes sobre cumplimiento y aplicaci\u00f3n de convenios y compromisos de la gesti\u00f3n hospitalaria.<\/li>\n<\/ul>\n<p>[\/et_pb_text][\/et_pb_column][\/et_pb_row][\/et_pb_section]<\/p>\n","protected":false},"excerpt":{"rendered":"<p>[et_pb_section fb_built=\u00bb1&#8243; _builder_version=\u00bb4.7.7&#8243; _module_preset=\u00bbdefault\u00bb custom_padding=\u00bb15px||0px|||\u00bb][et_pb_row column_structure=\u00bb3_5,2_5&#8243; _builder_version=\u00bb4.7.7&#8243; _module_preset=\u00bbdefault\u00bb][et_pb_column type=\u00bb3_5&#8243; _builder_version=\u00bb4.7.7&#8243; _module_preset=\u00bbdefault\u00bb][et_pb_text _builder_version=\u00bb4.7.7&#8243; _module_preset=\u00bbdefault\u00bb] Misi\u00f3n: Articular los recursos, procedimientos y planes de salud en funci\u00f3n de las estrat\u00e9gicas y objetivos institucionales. Implementar sistemas de seguimiento y control que contribuyan a la evaluaci\u00f3n del cumplimiento de objetivos y metas y a la reducci\u00f3n de la brecha de [&hellip;]<\/p>\n","protected":false},"author":1,"featured_media":0,"parent":0,"menu_order":0,"comment_status":"closed","ping_status":"closed","template":"","meta":{"_et_pb_use_builder":"on","_et_pb_old_content":"","_et_gb_content_width":"","footnotes":""},"class_list":["post-207913","page","type-page","status-publish","hentry"],"_links":{"self":[{"href":"https:\/\/hgl.mspz3.gob.ec\/index.php\/wp-json\/wp\/v2\/pages\/207913","targetHints":{"allow":["GET"]}}],"collection":[{"href":"https:\/\/hgl.mspz3.gob.ec\/index.php\/wp-json\/wp\/v2\/pages"}],"about":[{"href":"https:\/\/hgl.mspz3.gob.ec\/index.php\/wp-json\/wp\/v2\/types\/page"}],"author":[{"embeddable":true,"href":"https:\/\/hgl.mspz3.gob.ec\/index.php\/wp-json\/wp\/v2\/users\/1"}],"replies":[{"embeddable":true,"href":"https:\/\/hgl.mspz3.gob.ec\/index.php\/wp-json\/wp\/v2\/comments?post=207913"}],"version-history":[{"count":4,"href":"https:\/\/hgl.mspz3.gob.ec\/index.php\/wp-json\/wp\/v2\/pages\/207913\/revisions"}],"predecessor-version":[{"id":209209,"href":"https:\/\/hgl.mspz3.gob.ec\/index.php\/wp-json\/wp\/v2\/pages\/207913\/revisions\/209209"}],"wp:attachment":[{"href":"https:\/\/hgl.mspz3.gob.ec\/index.php\/wp-json\/wp\/v2\/media?parent=207913"}],"curies":[{"name":"wp","href":"https:\/\/api.w.org\/{rel}","templated":true}]}}