{"id":207923,"date":"2022-11-18T19:55:53","date_gmt":"2022-11-18T19:55:53","guid":{"rendered":"https:\/\/hgl.mspz3.gob.ec\/?page_id=207923"},"modified":"2024-05-02T13:16:41","modified_gmt":"2024-05-02T13:16:41","slug":"medicamentos-e-insumos-medicos-2","status":"publish","type":"page","link":"https:\/\/hgl.mspz3.gob.ec\/index.php\/medicamentos-e-insumos-medicos-2\/","title":{"rendered":"Medicamentos e Insumos M\u00e9dicos"},"content":{"rendered":"<p>[et_pb_section fb_built=\u00bb1&#8243; _builder_version=\u00bb4.7.7&#8243; _module_preset=\u00bbdefault\u00bb custom_padding=\u00bb15px||0px|||\u00bb][et_pb_row _builder_version=\u00bb4.7.7&#8243; _module_preset=\u00bbdefault\u00bb custom_margin=\u00bb|auto|3px|auto||\u00bb custom_padding=\u00bb5px||0px|||\u00bb hover_enabled=\u00bb0&#8243; sticky_enabled=\u00bb0&#8243;][et_pb_column type=\u00bb4_4&#8243; _builder_version=\u00bb4.7.7&#8243; _module_preset=\u00bbdefault\u00bb][et_pb_text _builder_version=\u00bb4.7.7&#8243; _module_preset=\u00bbdefault\u00bb custom_padding=\u00bb0px||2px|||\u00bb]<\/p>\n<h2><strong>Unidad de Medicamentos e Insumos M\u00e9dicos\/Farmacia<\/strong><\/h2>\n<h2><strong style=\"font-size: 26px;\">Productos y Servicios:<\/strong><\/h2>\n<ul>\n<li style=\"text-align: justify;\">Registro de entrega de recetas prescritas por el personal M\u00e9dico del Hospital para los pacientes;<\/li>\n<li style=\"text-align: justify;\">Informe de gesti\u00f3n de medicamentos e insumos m\u00e9dicos (elaboraci\u00f3n de requerimientos, adquisici\u00f3n, provisi\u00f3n, recepci\u00f3n, almacenamiento, conservaci\u00f3n, distribuci\u00f3n y reposici\u00f3n de medicamentos e insumos) sustentada en la normativa existente y de acuerdo con la cartera de servicios autorizada por el Ministerio de Salud P\u00fablica;<\/li>\n<li style=\"text-align: justify;\">Informes de consumos de medicamentos por centro de coste, egresos e ingresos de insumos m\u00e9dicos y medicamentos para el control de contabilidad;<\/li>\n<li style=\"text-align: justify;\">Actas de custodia previa y control de recetarios pre-numerados que se entrega a los m\u00e9dicos del Hospital;<\/li>\n<li style=\"text-align: justify;\">Actas de entrega recepci\u00f3n de medicamentos adquiridos comprobando sus cantidades, calidad y caracter\u00edsticas de acuerdo a lo solicitado;<\/li>\n<li style=\"text-align: justify;\">Inventario provisto de cantidades suficientes de medicamentos e insumos m\u00e9dicos para asegurar el funcionamiento de los servicios;<\/li>\n<li style=\"text-align: justify;\">Reportes peri\u00f3dicos sobre el estado de inventarios y aplicaci\u00f3n de metodolog\u00edas como el PEPS \u00abPrimero en Entrar- Primero en Salir\u00bb u otras buenas pr\u00e1cticas que permitan mantener las existencias y saldos a la fecha, identificar y distribuir los insumos m\u00e9dicos y medicamentos, asegurando su inocuidad;<\/li>\n<li style=\"text-align: justify;\">Gu\u00edas f\u00e1rmaco terap\u00e9uticas;<\/li>\n<li style=\"text-align: justify;\">Solicitudes para la baja de insumos m\u00e9dicos y medicamentos de acuerdo al reglamento;<\/li>\n<li style=\"text-align: justify;\">Indicadores de gesti\u00f3n diaria del trabajo, partes diarios de trabajo;<\/li>\n<li style=\"text-align: justify;\">Cualquier otra actuaci\u00f3n relacionada con su formaci\u00f3n e indicada por un profesional m\u00e9dico capacitado al efecto.<\/li>\n<\/ul>\n<p>[\/et_pb_text][\/et_pb_column][\/et_pb_row][\/et_pb_section]<\/p>\n","protected":false},"excerpt":{"rendered":"<p>[et_pb_section fb_built=\u00bb1&#8243; _builder_version=\u00bb4.7.7&#8243; _module_preset=\u00bbdefault\u00bb custom_padding=\u00bb15px||0px|||\u00bb][et_pb_row _builder_version=\u00bb4.7.7&#8243; _module_preset=\u00bbdefault\u00bb custom_margin=\u00bb|auto|3px|auto||\u00bb custom_padding=\u00bb5px||0px|||\u00bb hover_enabled=\u00bb0&#8243; sticky_enabled=\u00bb0&#8243;][et_pb_column type=\u00bb4_4&#8243; _builder_version=\u00bb4.7.7&#8243; _module_preset=\u00bbdefault\u00bb][et_pb_text _builder_version=\u00bb4.7.7&#8243; _module_preset=\u00bbdefault\u00bb custom_padding=\u00bb0px||2px|||\u00bb] Unidad de Medicamentos e Insumos M\u00e9dicos\/Farmacia Productos y Servicios: Registro de entrega de recetas prescritas por el personal M\u00e9dico del Hospital para los pacientes; Informe de gesti\u00f3n de medicamentos e insumos m\u00e9dicos (elaboraci\u00f3n de requerimientos, adquisici\u00f3n, provisi\u00f3n, recepci\u00f3n, [&hellip;]<\/p>\n","protected":false},"author":1,"featured_media":0,"parent":0,"menu_order":0,"comment_status":"closed","ping_status":"closed","template":"","meta":{"_et_pb_use_builder":"on","_et_pb_old_content":"","_et_gb_content_width":"","footnotes":""},"class_list":["post-207923","page","type-page","status-publish","hentry"],"_links":{"self":[{"href":"https:\/\/hgl.mspz3.gob.ec\/index.php\/wp-json\/wp\/v2\/pages\/207923","targetHints":{"allow":["GET"]}}],"collection":[{"href":"https:\/\/hgl.mspz3.gob.ec\/index.php\/wp-json\/wp\/v2\/pages"}],"about":[{"href":"https:\/\/hgl.mspz3.gob.ec\/index.php\/wp-json\/wp\/v2\/types\/page"}],"author":[{"embeddable":true,"href":"https:\/\/hgl.mspz3.gob.ec\/index.php\/wp-json\/wp\/v2\/users\/1"}],"replies":[{"embeddable":true,"href":"https:\/\/hgl.mspz3.gob.ec\/index.php\/wp-json\/wp\/v2\/comments?post=207923"}],"version-history":[{"count":11,"href":"https:\/\/hgl.mspz3.gob.ec\/index.php\/wp-json\/wp\/v2\/pages\/207923\/revisions"}],"predecessor-version":[{"id":208435,"href":"https:\/\/hgl.mspz3.gob.ec\/index.php\/wp-json\/wp\/v2\/pages\/207923\/revisions\/208435"}],"wp:attachment":[{"href":"https:\/\/hgl.mspz3.gob.ec\/index.php\/wp-json\/wp\/v2\/media?parent=207923"}],"curies":[{"name":"wp","href":"https:\/\/api.w.org\/{rel}","templated":true}]}}