{"id":208193,"date":"2023-04-21T17:09:05","date_gmt":"2023-04-21T17:09:05","guid":{"rendered":"https:\/\/hgl.mspz3.gob.ec\/?page_id=208193"},"modified":"2023-04-21T20:54:16","modified_gmt":"2023-04-21T20:54:16","slug":"guias-de-practica-clinica","status":"publish","type":"page","link":"https:\/\/hgl.mspz3.gob.ec\/index.php\/guias-de-practica-clinica\/","title":{"rendered":"Gu\u00edas de pr\u00e1ctica cl\u00ednica"},"content":{"rendered":"<p>[et_pb_section fb_built=\u00bb1&#8243; _builder_version=\u00bb4.7.7&#8243; _module_preset=\u00bbdefault\u00bb][et_pb_row column_structure=\u00bb1_2,1_2&#8243; _builder_version=\u00bb4.7.7&#8243; _module_preset=\u00bbdefault\u00bb][et_pb_column type=\u00bb1_2&#8243; _builder_version=\u00bb4.7.7&#8243; _module_preset=\u00bbdefault\u00bb][et_pb_image src=\u00bbhttps:\/\/hgl.mspz3.gob.ec\/wp-content\/uploads\/2023\/04\/banner_central_guias-de-practica-clinica.png\u00bb _builder_version=\u00bb4.7.7&#8243; _module_preset=\u00bbdefault\u00bb title_text=\u00bbbanner_central_guias-de-practica-clinica\u00bb hover_enabled=\u00bb0&#8243; sticky_enabled=\u00bb0&#8243;][\/et_pb_image][\/et_pb_column][et_pb_column type=\u00bb1_2&#8243; _builder_version=\u00bb4.7.7&#8243; _module_preset=\u00bbdefault\u00bb][et_pb_accordion _builder_version=\u00bb4.7.7&#8243; _module_preset=\u00bbdefault\u00bb hover_enabled=\u00bb0&#8243; sticky_enabled=\u00bb0&#8243;][et_pb_accordion_item title=\u00bbGu\u00edas de pr\u00e1ctica Cl\u00ednica 2013&#8243; _builder_version=\u00bb4.7.7&#8243; _module_preset=\u00bbdefault\u00bb hover_enabled=\u00bb0&#8243; open=\u00bboff\u00bb sticky_enabled=\u00bb0&#8243;]<\/p>\n<ul>\n<li><a href=\"https:\/\/www.salud.gob.ec\/wp-content\/uploads\/2016\/09\/Gu%C3%ADa-de-fenilcetonuria.pdf\" target=\"_blank\" rel=\"noopener noreferrer\" title=\"https:\/\/www.salud.gob.ec\/wp-content\/uploads\/2016\/09\/Gu%C3%ADa-de-fenilcetonuria.pdf\">Diagn\u00f3stico y tratamiento nutricional del paciente pedi\u00e1trico y adolescente con fenilcetonuria<\/a><\/li>\n<li><a href=\"https:\/\/www.salud.gob.ec\/wp-content\/uploads\/2016\/09\/Gu%C3%ADa-de-hemorragia-postparto.pdf\" target=\"_blank\" rel=\"noopener noreferrer\" title=\"Prevenci\u00f3n, diagn\u00f3stico y tratamiento de la hemorragia posparto\">Trauma dental<\/a><\/li>\n<li><a href=\"http:\/\/instituciones.msp.gob.ec\/images\/Documentos\/GPC_guias_practica_clinica_msp\/gpc_guia_aborto_espontaneo_incompleto_19_feb_2014.pdf\" target=\"_blank\" rel=\"noopener noreferrer\" title=\"http:\/\/instituciones.msp.gob.ec\/images\/Documentos\/GPC_guias_practica_clinica_msp\/gpc_guia_aborto_espontaneo_incompleto_19_feb_2014.pdf\">Diagn\u00f3stico y tratamiento del aborto espont\u00e1neo, incompleto, diferido y recurrente<\/a><\/li>\n<li><a href=\"https:\/\/www.salud.gob.ec\/wp-content\/uploads\/2016\/09\/Gu%C3%ADa-fibrosis-qu%C3%ADstica.pdf\" target=\"_blank\" rel=\"noopener noreferrer\" title=\"https:\/\/www.salud.gob.ec\/wp-content\/uploads\/2016\/09\/Gu%C3%ADa-fibrosis-qu%C3%ADstica.pdf\">Fibrosis qu\u00edstica<\/a><\/li>\n<li><a href=\"https:\/\/www.salud.gob.ec\/wp-content\/uploads\/2016\/09\/Guia-de-gaucher.pdf\" target=\"_blank\" rel=\"noopener noreferrer\" title=\"https:\/\/www.salud.gob.ec\/wp-content\/uploads\/2016\/09\/Guia-de-gaucher.pdf\">Diagn\u00f3stico, tratamiento y seguimiento del paciente con Enfermedad de Gaucher tipo 1<\/a><a href=\"https:\/\/www.salud.gob.ec\/wp-content\/uploads\/2017\/03\/MSP_Trastornos-hipertensivos-del-embarazo-con-portada-3.pdf\" title=\"https:\/\/www.salud.gob.ec\/wp-content\/uploads\/2017\/03\/MSP_Trastornos-hipertensivos-del-embarazo-con-portada-3.pdf\" target=\"_blank\" rel=\"noopener noreferrer\"><\/a><\/li>\n<\/ul>\n<p>[\/et_pb_accordion_item][et_pb_accordion_item title=\u00bbGu\u00edas de pr\u00e1ctica Cl\u00ednica 2014&#8243; _builder_version=\u00bb4.7.7&#8243; _module_preset=\u00bbdefault\u00bb hover_enabled=\u00bb0&#8243; open=\u00bboff\u00bb sticky_enabled=\u00bb0&#8243;]<\/p>\n<ul>\n<li><a href=\"https:\/\/www.salud.gob.ec\/wp-content\/uploads\/2018\/03\/Alimentacion_y_nutricion_de_la_mujer_gestante_y_la_madre_en_periodo_de_lactancia.pdf\" target=\"_blank\" rel=\"noopener noreferrer\" title=\"https:\/\/www.salud.gob.ec\/wp-content\/uploads\/2018\/03\/Alimentacion_y_nutricion_de_la_mujer_gestante_y_la_madre_en_periodo_de_lactancia.pdf\">Alimentaci\u00f3n y nutrici\u00f3n de la mujer gestante y de la madre en per\u00edodo de lactancia<\/a><\/li>\n<li><a href=\"https:\/\/www.salud.gob.ec\/wp-content\/uploads\/2018\/03\/Diagnostico_y_tratamiento_de_la_anemia_en_el_embarazo.pdf\" target=\"_blank\" rel=\"noopener noreferrer\" title=\"https:\/\/www.salud.gob.ec\/wp-content\/uploads\/2018\/03\/Diagnostico_y_tratamiento_de_la_anemia_en_el_embarazo.pdf\">Diagn\u00f3stico y tratamiento de la anemia en el embarazo<\/a><\/li>\n<li><a href=\"http:\/\/instituciones.msp.gob.ec\/images\/Documentos\/GPC_guias_practica_clinica_msp\/gpc_cuidados_paliativos_completa_2014.pdf\" target=\"_blank\" rel=\"noopener noreferrer\" title=\"http:\/\/instituciones.msp.gob.ec\/images\/Documentos\/GPC_guias_practica_clinica_msp\/gpc_cuidados_paliativos_completa_2014.pdf\">Cuidados paliativos<\/a><\/li>\n<li><a href=\"http:\/\/instituciones.msp.gob.ec\/images\/Documentos\/GPC_guias_practica_clinica_msp\/GPC_Infeccion_vaginal_obstetrica_2014.pdf\" target=\"_blank\" rel=\"noopener noreferrer\" title=\"http:\/\/instituciones.msp.gob.ec\/images\/Documentos\/GPC_guias_practica_clinica_msp\/GPC_Infeccion_vaginal_obstetrica_2014.pdf\">Diagn\u00f3stico y tratamiento de la infecci\u00f3n vaginal en obstetricia<\/a><\/li>\n<li><a href=\"http:\/\/instituciones.msp.gob.ec\/images\/Documentos\/GPC_guias_practica_clinica_msp\/gpc_de_cuidados_paliativos_para_el_ciudadano_2014.pdf\" target=\"_blank\" rel=\"noopener noreferrer\" title=\"http:\/\/instituciones.msp.gob.ec\/images\/Documentos\/GPC_guias_practica_clinica_msp\/gpc_de_cuidados_paliativos_para_el_ciudadano_2014.pdf\">Gu\u00eda de cuidados paliativos para el ciudadano<\/a><\/li>\n<li><a href=\"http:\/\/instituciones.msp.gob.ec\/images\/Documentos\/GPC_guias_practica_clinica_msp\/gpc_supervision_Salud_de_Adolescentes_2014.pdf\" title=\"http:\/\/instituciones.msp.gob.ec\/images\/Documentos\/GPC_guias_practica_clinica_msp\/gpc_supervision_Salud_de_Adolescentes_2014.pdf\" target=\"_blank\" rel=\"noopener noreferrer\">Salud de adolescentes<\/a><\/li>\n<\/ul>\n<p>[\/et_pb_accordion_item][et_pb_accordion_item title=\u00bbGu\u00edas de pr\u00e1ctica Cl\u00ednica 2015&#8243; _builder_version=\u00bb4.7.7&#8243; _module_preset=\u00bbdefault\u00bb hover_enabled=\u00bb0&#8243; open=\u00bboff\u00bb sticky_enabled=\u00bb0&#8243;]<\/p>\n<ul>\n<li><a href=\"http:\/\/instituciones.msp.gob.ec\/images\/Documentos\/GPC_guias_practica_clinica_msp\/GPC_atencion_parto_por_cesarea_2015.pdf\" target=\"_blank\" rel=\"noopener noreferrer\" title=\"http:\/\/instituciones.msp.gob.ec\/images\/Documentos\/GPC_guias_practica_clinica_msp\/GPC_atencion_parto_por_cesarea_2015.pdf\">Atenci\u00f3n del parto por ces\u00e1rea<\/a><\/li>\n<li><a href=\"https:\/\/www.salud.gob.ec\/wp-content\/uploads\/2016\/09\/Caries.pdf\" target=\"_blank\" rel=\"noopener noreferrer\" title=\"https:\/\/www.salud.gob.ec\/wp-content\/uploads\/2016\/09\/Caries.pdf\">Caries<\/a><\/li>\n<li><a href=\"https:\/\/www.salud.gob.ec\/wp-content\/uploads\/2016\/09\/GPC-Rec%C3%A9n-nacido-prematuro.pdf\" target=\"_blank\" rel=\"noopener noreferrer\" title=\"https:\/\/www.salud.gob.ec\/wp-content\/uploads\/2016\/09\/GPC-Rec%C3%A9n-nacido-prematuro.pdf\">Reci\u00e9n nacido prematuro<\/a><\/li>\n<li><a href=\"https:\/\/www.salud.gob.ec\/wp-content\/uploads\/2016\/09\/GPC-Sepsis-neonatal.pdf\" target=\"_blank\" rel=\"noopener noreferrer\" title=\"https:\/\/www.salud.gob.ec\/wp-content\/uploads\/2016\/09\/GPC-Sepsis-neonatal.pdf\">Sepsis neonatal<\/a><\/li>\n<li><a href=\"https:\/\/www.salud.gob.ec\/wp-content\/uploads\/2016\/09\/Hipotiroidismo-cong%C3%A9nito.pdf\" target=\"_blank\" rel=\"noopener noreferrer\" title=\"https:\/\/www.salud.gob.ec\/wp-content\/uploads\/2016\/09\/Hipotiroidismo-cong%C3%A9nito.pdf\">Diagn\u00f3stico y tratamiento del hipotiroidismo cong\u00e9nito<\/a><\/li>\n<li><a href=\"https:\/\/www.salud.gob.ec\/wp-content\/uploads\/2014\/05\/GPC_Atencion_del_trabajo_parto_posparto_y_parto_inmediato.pdf\" title=\"https:\/\/www.salud.gob.ec\/wp-content\/uploads\/2014\/05\/GPC_Atencion_del_trabajo_parto_posparto_y_parto_inmediato.pdf\" target=\"_blank\" rel=\"noopener noreferrer\">Atenci\u00f3n del trabajo de parto, parto y posparto inmediato<\/a><\/li>\n<li><a href=\"https:\/\/www.salud.gob.ec\/wp-content\/uploads\/2016\/09\/Aborto-terap%C3%A9utico.pdf\" target=\"_blank\" rel=\"noopener noreferrer\" title=\"https:\/\/www.salud.gob.ec\/wp-content\/uploads\/2016\/09\/Aborto-terap%C3%A9utico.pdf\">Atenci\u00f3n del aborto terap\u00e9utico<\/a><\/li>\n<li><a href=\"http:\/\/instituciones.msp.gob.ec\/images\/Documentos\/GPC_guias_practica_clinica_msp\/GPC_de_bolsillo_componente_materno_2015.pdf\" target=\"_blank\" rel=\"noopener noreferrer\" title=\"http:\/\/instituciones.msp.gob.ec\/images\/Documentos\/GPC_guias_practica_clinica_msp\/GPC_de_bolsillo_componente_materno_2015.pdf\">Gu\u00eda de bolsillo componente materno<\/a><\/li>\n<li><a href=\"http:\/\/instituciones.msp.gob.ec\/images\/Documentos\/GPC_guias_practica_clinica_msp\/GPC_ruptura_prematura_de_membranas_2015.pdf\" target=\"_blank\" rel=\"noopener noreferrer\" title=\"http:\/\/instituciones.msp.gob.ec\/images\/Documentos\/GPC_guias_practica_clinica_msp\/GPC_ruptura_prematura_de_membranas_2015.pdf\">Ruptura prematura de membranas pret\u00e9rmino<\/a><\/li>\n<\/ul>\n<p>[\/et_pb_accordion_item][et_pb_accordion_item title=\u00bbGu\u00edas de pr\u00e1ctica Cl\u00ednica 2016&#8243; _builder_version=\u00bb4.7.7&#8243; _module_preset=\u00bbdefault\u00bb hover_enabled=\u00bb0&#8243; open=\u00bbon\u00bb sticky_enabled=\u00bb0&#8243;]<\/p>\n<ul>\n<li><a href=\"https:\/\/www.salud.gob.ec\/wp-content\/uploads\/2019\/02\/GPC_tuberculosis_2016.pdf\" target=\"_blank\" rel=\"noopener noreferrer\" title=\"https:\/\/www.salud.gob.ec\/wp-content\/uploads\/2019\/02\/GPC_tuberculosis_2016.pdf\">Prevenci\u00f3n, diagn\u00f3stico, tratamiento y control de la tuberculosis<\/a><\/li>\n<li><a href=\"https:\/\/www.salud.gob.ec\/wp-content\/uploads\/2017\/02\/TRAUMA-DENTAL.pdf\" target=\"_blank\" rel=\"noopener noreferrer\" title=\"https:\/\/www.salud.gob.ec\/wp-content\/uploads\/2017\/02\/TRAUMA-DENTAL.pdf\">Trauma dental<\/a><\/li>\n<li><a href=\"https:\/\/www.salud.gob.ec\/wp-content\/uploads\/2014\/05\/GPC-RECIEN-NACIDO-CON-DIFICULTAD-PARA-RESPIRAR.pdf\" target=\"_blank\" rel=\"noopener noreferrer\" title=\"https:\/\/www.salud.gob.ec\/wp-content\/uploads\/2014\/05\/GPC-RECIEN-NACIDO-CON-DIFICULTAD-PARA-RESPIRAR.pdf\">Reci\u00e9n nacido con dificultad para respirar<\/a><\/li>\n<li><a href=\"http:\/\/instituciones.msp.gob.ec\/images\/Documentos\/Guia%20Control%20Prenatal.pdf\" target=\"_blank\" rel=\"noopener noreferrer\" title=\"http:\/\/instituciones.msp.gob.ec\/images\/Documentos\/Guia%20Control%20Prenatal.pdf\">Control Prenatal<\/a><\/li>\n<li><a href=\"https:\/\/www.salud.gob.ec\/wp-content\/uploads\/2014\/05\/Tratamiento-odontologico.pdf\" target=\"_blank\" rel=\"noopener noreferrer\" title=\"https:\/\/www.salud.gob.ec\/wp-content\/uploads\/2014\/05\/Tratamiento-odontologico.pdf\">Tratamiento odontol\u00f3gico en embarazadas<\/a><\/li>\n<li><a href=\"https:\/\/www.salud.gob.ec\/wp-content\/uploads\/2017\/03\/MSP_Trastornos-hipertensivos-del-embarazo-con-portada-3.pdf\" title=\"https:\/\/www.salud.gob.ec\/wp-content\/uploads\/2017\/03\/MSP_Trastornos-hipertensivos-del-embarazo-con-portada-3.pdf\" target=\"_blank\" rel=\"noopener noreferrer\">Trastornos hipertensivos del embarazo<\/a><\/li>\n<li><a href=\"https:\/\/www.salud.gob.ec\/wp-content\/uploads\/2017\/02\/GU%C3%8DA-DOLOR-LUMBAR_16012017.pdf\" target=\"_blank\" rel=\"noopener noreferrer\" title=\"https:\/\/www.salud.gob.ec\/wp-content\/uploads\/2017\/02\/GU%C3%8DA-DOLOR-LUMBAR_16012017.pdf\">Dolor lumbar<\/a><\/li>\n<li><a href=\"https:\/\/www.salud.gob.ec\/wp-content\/uploads\/2017\/02\/DIAGN%C3%93STICO-Y-TRATAMIENTO-DEL-ACN%C3%89_16012017.pdf\" target=\"_blank\" rel=\"noopener noreferrer\" title=\"https:\/\/www.salud.gob.ec\/wp-content\/uploads\/2017\/02\/DIAGN%C3%93STICO-Y-TRATAMIENTO-DEL-ACN%C3%89_16012017.pdf\">Diagn\u00f3stico y tratamiento del acn\u00e9<\/a><\/li>\n<li><a href=\"https:\/\/www.salud.gob.ec\/wp-content\/uploads\/2014\/05\/GPC_Artitis_Reumatoide.pdf\" target=\"_blank\" rel=\"noopener noreferrer\" title=\"https:\/\/www.salud.gob.ec\/wp-content\/uploads\/2014\/05\/GPC_Artitis_Reumatoide.pdf\">Artritis reumatoide<\/a><\/li>\n<li><a href=\"https:\/\/www.salud.gob.ec\/wp-content\/uploads\/2017\/03\/MSP_Gu%C3%ADa_hemofilia-cong%C3%A9nita_230117_D-3-1.pdf\" target=\"_blank\" rel=\"noopener noreferrer\" title=\"https:\/\/www.salud.gob.ec\/wp-content\/uploads\/2017\/03\/MSP_Gu%C3%ADa_hemofilia-cong%C3%A9nita_230117_D-3-1.pdf\">Diagn\u00f3stico y tratamiento de la hemofilia cong\u00e9nita<\/a><\/li>\n<li><a href=\"https:\/\/www.salud.gob.ec\/wp-content\/uploads\/2017\/02\/Alergia-a-la-prote%C3%ADna-d-ela-leche-de-vaca.pdf\" target=\"_blank\" rel=\"noopener noreferrer\" title=\"https:\/\/www.salud.gob.ec\/wp-content\/uploads\/2017\/02\/Alergia-a-la-prote%C3%ADna-d-ela-leche-de-vaca.pdf\">Prevenci\u00f3n, diagn\u00f3stico y tratamiento de la alergia a la prote\u00edna de la leche de vaca<\/a><\/li>\n<li><a href=\"http:\/\/instituciones.msp.gob.ec\/images\/Documentos\/Guia%20de%20ciudadan%20trastornos%20hipertensivos%20del%20embarazo.pdf\" target=\"_blank\" rel=\"noopener noreferrer\" title=\"http:\/\/instituciones.msp.gob.ec\/images\/Documentos\/Guia%20de%20ciudadan%20trastornos%20hipertensivos%20del%20embarazo.pdf\">Trastornos hipertensivos en el embarazo<\/a><\/li>\n<\/ul>\n<p>[\/et_pb_accordion_item][et_pb_accordion_item title=\u00bbGu\u00edas de pr\u00e1ctica Cl\u00ednica 2017&#8243; _builder_version=\u00bb4.7.7&#8243; _module_preset=\u00bbdefault\u00bb hover_enabled=\u00bb0&#8243; open=\u00bboff\u00bb sticky_enabled=\u00bb0&#8243;]<\/p>\n<ul>\n<li><a href=\"https:\/\/www.salud.gob.ec\/wp-content\/uploads\/2019\/02\/GPC_trastornos_del_espectro_autista_2017-1.pdf\" target=\"_blank\" rel=\"noopener noreferrer\" title=\"https:\/\/www.salud.gob.ec\/wp-content\/uploads\/2019\/02\/GPC_trastornos_del_espectro_autista_2017-1.pdf\">Trastornos del espectro autista en ni\u00f1os y adolescentes: detecci\u00f3n, diagn\u00f3stico, tratamiento, rehabilitaci\u00f3n y seguimiento<\/a><\/li>\n<li><a href=\"https:\/\/www.salud.gob.ec\/wp-content\/uploads\/2019\/02\/GPC_neumoni%CC%81a-adquirida_2017.pdf\" target=\"_blank\" rel=\"noopener noreferrer\" title=\"https:\/\/www.salud.gob.ec\/wp-content\/uploads\/2019\/02\/GPC_neumoni%CC%81a-adquirida_2017.pdf\">Neumon\u00eda adquirida en la comunidad en pacientes de 3 meses a 15 a\u00f1os<\/a><\/li>\n<li><a href=\"https:\/\/www.salud.gob.ec\/wp-content\/uploads\/2018\/11\/gpc_dolor_oncol%C3%B3gico.pdf\" target=\"_blank\" rel=\"noopener noreferrer\" title=\"https:\/\/www.salud.gob.ec\/wp-content\/uploads\/2018\/11\/gpc_dolor_oncol%C3%B3gico.pdf\">Tratamiento del dolor oncol\u00f3gico en adultos<\/a><\/li>\n<li><a href=\"https:\/\/www.salud.gob.ec\/wp-content\/uploads\/2019\/02\/GPC_anomalias_de_insercion_placentaria_2017.pdf\" target=\"_blank\" rel=\"noopener noreferrer\" title=\"https:\/\/www.salud.gob.ec\/wp-content\/uploads\/2019\/02\/GPC_anomalias_de_insercion_placentaria_2017.pdf\">Anomal\u00edas de inserci\u00f3n placentaria y vasos sangu\u00edneos fetales<\/a><\/li>\n<li><a href=\"https:\/\/www.salud.gob.ec\/wp-content\/uploads\/2014\/05\/document.pdf\" target=\"_blank\" rel=\"noopener noreferrer\" title=\"https:\/\/www.salud.gob.ec\/wp-content\/uploads\/2014\/05\/document.pdf\">Diabetes gestacional <\/a><\/li>\n<li><a href=\"https:\/\/www.salud.gob.ec\/wp-content\/uploads\/2018\/11\/linfoma_hodgkin.pdf\" title=\"https:\/\/www.salud.gob.ec\/wp-content\/uploads\/2018\/11\/linfoma_hodgkin.pdf\">Linfoma de Hodgkin en adultos<\/a><\/li>\n<li><a href=\"https:\/\/www.salud.gob.ec\/wp-content\/uploads\/2019\/02\/61069_MSP_Gui%CC%81a_DEPRESION_20180228_D.pdf\" target=\"_blank\" rel=\"noopener noreferrer\" title=\"https:\/\/www.salud.gob.ec\/wp-content\/uploads\/2019\/02\/61069_MSP_Gui%CC%81a_DEPRESION_20180228_D.pdf\">Diagn\u00f3stico y tratamiento del episodio depresivo y del trastorno depresivo recurrente en adultos<\/a><\/li>\n<li><a href=\"https:\/\/www.salud.gob.ec\/wp-content\/uploads\/2018\/11\/gpc_episodio_depresivo_adultos.pdf\" target=\"_blank\" rel=\"noopener noreferrer\" title=\"https:\/\/www.salud.gob.ec\/wp-content\/uploads\/2018\/11\/gpc_episodio_depresivo_adultos.pdf\">Diagn\u00f3stico y tratamiento del episodio depresivo y del trastorno depresivo recurrente en adultos<\/a><\/li>\n<\/ul>\n<p>[\/et_pb_accordion_item][et_pb_accordion_item title=\u00bbGu\u00edas de pr\u00e1ctica Cl\u00ednica 2018&#8243; _builder_version=\u00bb4.7.7&#8243; _module_preset=\u00bbdefault\u00bb hover_enabled=\u00bb0&#8243; open=\u00bboff\u00bb sticky_enabled=\u00bb0&#8243;]<\/p>\n<ul>\n<li><a href=\"https:\/\/www.salud.gob.ec\/wp-content\/uploads\/2018\/03\/GP_Tuberculosis-1.pdf\" title=\"https:\/\/www.salud.gob.ec\/wp-content\/uploads\/2018\/03\/GP_Tuberculosis-1.pdf\" target=\"_blank\" rel=\"noopener noreferrer\">Prevenci\u00f3n, diagn\u00f3stico, tratamiento y control de la tuberculosis<\/a><\/li>\n<li><a href=\"https:\/\/www.salud.gob.ec\/wp-content\/uploads\/2018\/10\/guia_prevencion_diagnostico_tratamiento_enfermedad_renal_cronica_2018.pdf\" target=\"_blank\" rel=\"noopener noreferrer\" title=\"https:\/\/www.salud.gob.ec\/wp-content\/uploads\/2018\/10\/guia_prevencion_diagnostico_tratamiento_enfermedad_renal_cronica_2018.pdf\">Prevenci\u00f3n, diagn\u00f3stico y tratamiento de la enfermedad renal cr\u00f3nica<\/a><\/li>\n<\/ul>\n<p>[\/et_pb_accordion_item][et_pb_accordion_item title=\u00bbGu\u00edas de pr\u00e1ctica Cl\u00ednica 2019&#8243; open=\u00bboff\u00bb _builder_version=\u00bb4.7.7&#8243; _module_preset=\u00bbdefault\u00bb hover_enabled=\u00bb0&#8243; sticky_enabled=\u00bb0&#8243;]<\/p>\n<ul>\n<li><a href=\"https:\/\/www.salud.gob.ec\/wp-content\/uploads\/2019\/06\/gpc_ehirn2019.pdf\" target=\"_blank\" rel=\"noopener noreferrer\" title=\"https:\/\/www.salud.gob.ec\/wp-content\/uploads\/2019\/06\/gpc_ehirn2019.pdf\">Encefalopat\u00eda hip\u00f3xica isqu\u00e9mica del reci\u00e9n nacido<\/a><\/li>\n<li><a href=\"https:\/\/www.salud.gob.ec\/wp-content\/uploads\/2019\/06\/gpc_hta192019.pdf\" target=\"_blank\" rel=\"noopener noreferrer\" title=\"https:\/\/www.salud.gob.ec\/wp-content\/uploads\/2019\/06\/gpc_hta192019.pdf\">Hipertensi\u00f3n arterial<\/a><\/li>\n<li><a href=\"https:\/\/www.salud.gob.ec\/wp-content\/uploads\/2019\/06\/gpc_VIH_acuerdo_ministerial05-07-2019.pdf\" target=\"_blank\" rel=\"noopener noreferrer\" title=\"https:\/\/www.salud.gob.ec\/wp-content\/uploads\/2019\/06\/gpc_VIH_acuerdo_ministerial05-07-2019.pdf\">Prevenci\u00f3n, diagn\u00f3stico y tratamiento de la infecci\u00f3n por el virus de inmunodeficiencia humana (VIH) en embarazadas, ni\u00f1os, adolescentes y\u00a0 adultos<\/a><\/li>\n<\/ul>\n<p>[\/et_pb_accordion_item][\/et_pb_accordion][\/et_pb_column][\/et_pb_row][\/et_pb_section]<\/p>\n","protected":false},"excerpt":{"rendered":"<p>[et_pb_section fb_built=\u00bb1&#8243; _builder_version=\u00bb4.7.7&#8243; _module_preset=\u00bbdefault\u00bb][et_pb_row column_structure=\u00bb1_2,1_2&#8243; _builder_version=\u00bb4.7.7&#8243; _module_preset=\u00bbdefault\u00bb][et_pb_column type=\u00bb1_2&#8243; _builder_version=\u00bb4.7.7&#8243; _module_preset=\u00bbdefault\u00bb][et_pb_image src=\u00bbhttps:\/\/hgl.mspz3.gob.ec\/wp-content\/uploads\/2023\/04\/banner_central_guias-de-practica-clinica.png\u00bb _builder_version=\u00bb4.7.7&#8243; _module_preset=\u00bbdefault\u00bb title_text=\u00bbbanner_central_guias-de-practica-clinica\u00bb hover_enabled=\u00bb0&#8243; sticky_enabled=\u00bb0&#8243;][\/et_pb_image][\/et_pb_column][et_pb_column type=\u00bb1_2&#8243; _builder_version=\u00bb4.7.7&#8243; _module_preset=\u00bbdefault\u00bb][et_pb_accordion _builder_version=\u00bb4.7.7&#8243; _module_preset=\u00bbdefault\u00bb hover_enabled=\u00bb0&#8243; sticky_enabled=\u00bb0&#8243;][et_pb_accordion_item title=\u00bbGu\u00edas de pr\u00e1ctica Cl\u00ednica 2013&#8243; _builder_version=\u00bb4.7.7&#8243; _module_preset=\u00bbdefault\u00bb hover_enabled=\u00bb0&#8243; open=\u00bboff\u00bb sticky_enabled=\u00bb0&#8243;] Diagn\u00f3stico y tratamiento nutricional del paciente pedi\u00e1trico y adolescente con fenilcetonuria Trauma dental Diagn\u00f3stico y tratamiento del aborto espont\u00e1neo, incompleto, diferido y [&hellip;]<\/p>\n","protected":false},"author":1,"featured_media":0,"parent":0,"menu_order":0,"comment_status":"closed","ping_status":"closed","template":"","meta":{"_et_pb_use_builder":"on","_et_pb_old_content":"","_et_gb_content_width":"","footnotes":""},"class_list":["post-208193","page","type-page","status-publish","hentry"],"_links":{"self":[{"href":"https:\/\/hgl.mspz3.gob.ec\/index.php\/wp-json\/wp\/v2\/pages\/208193","targetHints":{"allow":["GET"]}}],"collection":[{"href":"https:\/\/hgl.mspz3.gob.ec\/index.php\/wp-json\/wp\/v2\/pages"}],"about":[{"href":"https:\/\/hgl.mspz3.gob.ec\/index.php\/wp-json\/wp\/v2\/types\/page"}],"author":[{"embeddable":true,"href":"https:\/\/hgl.mspz3.gob.ec\/index.php\/wp-json\/wp\/v2\/users\/1"}],"replies":[{"embeddable":true,"href":"https:\/\/hgl.mspz3.gob.ec\/index.php\/wp-json\/wp\/v2\/comments?post=208193"}],"version-history":[{"count":8,"href":"https:\/\/hgl.mspz3.gob.ec\/index.php\/wp-json\/wp\/v2\/pages\/208193\/revisions"}],"predecessor-version":[{"id":208206,"href":"https:\/\/hgl.mspz3.gob.ec\/index.php\/wp-json\/wp\/v2\/pages\/208193\/revisions\/208206"}],"wp:attachment":[{"href":"https:\/\/hgl.mspz3.gob.ec\/index.php\/wp-json\/wp\/v2\/media?parent=208193"}],"curies":[{"name":"wp","href":"https:\/\/api.w.org\/{rel}","templated":true}]}}