{"id":208240,"date":"2023-07-19T15:42:44","date_gmt":"2023-07-19T15:42:44","guid":{"rendered":"https:\/\/hgl.mspz3.gob.ec\/?page_id=208240"},"modified":"2023-07-19T15:57:47","modified_gmt":"2023-07-19T15:57:47","slug":"fase-2-audiencia-publica","status":"publish","type":"page","link":"https:\/\/hgl.mspz3.gob.ec\/index.php\/fase-2-audiencia-publica\/","title":{"rendered":"FASE 2- Audiencia P\u00fablica"},"content":{"rendered":"<p>[et_pb_section fb_built=\u00bb1&#8243; _builder_version=\u00bb4.7.7&#8243; _module_preset=\u00bbdefault\u00bb][et_pb_row _builder_version=\u00bb4.7.7&#8243; _module_preset=\u00bbdefault\u00bb][et_pb_column type=\u00bb4_4&#8243; _builder_version=\u00bb4.7.7&#8243; _module_preset=\u00bbdefault\u00bb][et_pb_text _builder_version=\u00bb4.7.7&#8243; _module_preset=\u00bbdefault\u00bb hover_enabled=\u00bb0&#8243; sticky_enabled=\u00bb0&#8243;]<\/p>\n<h2>RC-2022<\/h2>\n<h2>Fase 2 &#8211; Audiencia P\u00fablica<\/h2>\n<p><a href=\"https:\/\/hgl.mspz3.gob.ec\/wp-content\/uploads\/2023\/07\/CONTROL-DE-ASISTENCIA-R.C-2022.pdf\" target=\"_blank\" rel=\"noopener noreferrer\">1. CONTROL DE ASISTENCIA<\/a><\/p>\n<p><a href=\"https:\/\/hgl.mspz3.gob.ec\/wp-content\/uploads\/2023\/07\/invitacion_hospital_latacunga.pdf\" target=\"_blank\" rel=\"noopener noreferrer\">2. INVITACI\u00d3N<\/a><\/p>\n<p><a href=\"https:\/\/hgl.mspz3.gob.ec\/wp-content\/uploads\/2023\/07\/MSP-CZ3-HGL-2023-0290-O-INVITACION-AL-EVENTO.pdf\" target=\"_blank\" rel=\"noopener noreferrer\">3. INVITACI\u00d3N AL EVENTO<\/a><\/p>\n<p><a href=\"https:\/\/hgl.mspz3.gob.ec\/wp-content\/uploads\/2023\/07\/MSP-CZ3-HGL-2023-1783-M-INVITACION-AL-EVENTO.pdf\" target=\"_blank\" rel=\"noopener noreferrer\">4. INVITACI\u00d3N AL EVENTO<\/a><\/p>\n<p><a href=\"https:\/\/hgl.mspz3.gob.ec\/wp-content\/uploads\/2023\/07\/MESAS-DE-TRABAJO-R.C-2022.pdf\" target=\"_blank\" rel=\"noopener noreferrer\">5. MESAS DE TRABAJO<\/a><\/p>\n<p><a href=\"http:\/\/181.211.10.27\/nextcloud\/index.php\/s\/CnDZtQ9jzFp8nfX\" target=\"_blank\" rel=\"noopener noreferrer\">6.\u00a0RENDICI\u00d3N DE CUENTAS<\/a><\/p>\n<p><a href=\"https:\/\/hgl.mspz3.gob.ec\/wp-content\/uploads\/2023\/07\/sistematizacion_compromisos_ciudadanos_e_institucionales_HGL-1-signed-signed.pdf\" target=\"_blank\" rel=\"noopener noreferrer\">7. <span> SISTEMATIZACI\u00d3N DE APORTES CIUDADANOS Y COMPROMISOS<\/span><\/a><\/p>\n<p>[\/et_pb_text][\/et_pb_column][\/et_pb_row][\/et_pb_section]<\/p>\n","protected":false},"excerpt":{"rendered":"<p>[et_pb_section fb_built=\u00bb1&#8243; _builder_version=\u00bb4.7.7&#8243; _module_preset=\u00bbdefault\u00bb][et_pb_row _builder_version=\u00bb4.7.7&#8243; _module_preset=\u00bbdefault\u00bb][et_pb_column type=\u00bb4_4&#8243; _builder_version=\u00bb4.7.7&#8243; _module_preset=\u00bbdefault\u00bb][et_pb_text _builder_version=\u00bb4.7.7&#8243; _module_preset=\u00bbdefault\u00bb hover_enabled=\u00bb0&#8243; sticky_enabled=\u00bb0&#8243;] RC-2022 Fase 2 &#8211; Audiencia P\u00fablica 1. CONTROL DE ASISTENCIA 2. INVITACI\u00d3N 3. INVITACI\u00d3N AL EVENTO 4. INVITACI\u00d3N AL EVENTO 5. MESAS DE TRABAJO 6.\u00a0RENDICI\u00d3N DE CUENTAS 7. SISTEMATIZACI\u00d3N DE APORTES CIUDADANOS Y COMPROMISOS [\/et_pb_text][\/et_pb_column][\/et_pb_row][\/et_pb_section]<\/p>\n","protected":false},"author":1,"featured_media":0,"parent":0,"menu_order":0,"comment_status":"closed","ping_status":"closed","template":"","meta":{"_et_pb_use_builder":"on","_et_pb_old_content":"","_et_gb_content_width":"","footnotes":""},"class_list":["post-208240","page","type-page","status-publish","hentry"],"_links":{"self":[{"href":"https:\/\/hgl.mspz3.gob.ec\/index.php\/wp-json\/wp\/v2\/pages\/208240","targetHints":{"allow":["GET"]}}],"collection":[{"href":"https:\/\/hgl.mspz3.gob.ec\/index.php\/wp-json\/wp\/v2\/pages"}],"about":[{"href":"https:\/\/hgl.mspz3.gob.ec\/index.php\/wp-json\/wp\/v2\/types\/page"}],"author":[{"embeddable":true,"href":"https:\/\/hgl.mspz3.gob.ec\/index.php\/wp-json\/wp\/v2\/users\/1"}],"replies":[{"embeddable":true,"href":"https:\/\/hgl.mspz3.gob.ec\/index.php\/wp-json\/wp\/v2\/comments?post=208240"}],"version-history":[{"count":3,"href":"https:\/\/hgl.mspz3.gob.ec\/index.php\/wp-json\/wp\/v2\/pages\/208240\/revisions"}],"predecessor-version":[{"id":208250,"href":"https:\/\/hgl.mspz3.gob.ec\/index.php\/wp-json\/wp\/v2\/pages\/208240\/revisions\/208250"}],"wp:attachment":[{"href":"https:\/\/hgl.mspz3.gob.ec\/index.php\/wp-json\/wp\/v2\/media?parent=208240"}],"curies":[{"name":"wp","href":"https:\/\/api.w.org\/{rel}","templated":true}]}}