{"id":208263,"date":"2023-07-24T14:03:32","date_gmt":"2023-07-24T14:03:32","guid":{"rendered":"https:\/\/hgl.mspz3.gob.ec\/?page_id=208263"},"modified":"2023-07-24T15:38:50","modified_gmt":"2023-07-24T15:38:50","slug":"fase-3-informe-cpccs-2021","status":"publish","type":"page","link":"https:\/\/hgl.mspz3.gob.ec\/index.php\/fase-3-informe-cpccs-2021\/","title":{"rendered":"FASE 3 \u2013 Informe CPCCS 2021"},"content":{"rendered":"<p>[et_pb_section fb_built=\u00bb1&#8243; _builder_version=\u00bb4.7.7&#8243; _module_preset=\u00bbdefault\u00bb][et_pb_row _builder_version=\u00bb4.7.7&#8243; _module_preset=\u00bbdefault\u00bb][et_pb_column type=\u00bb4_4&#8243; _builder_version=\u00bb4.7.7&#8243; _module_preset=\u00bbdefault\u00bb][et_pb_text _builder_version=\u00bb4.7.7&#8243; _module_preset=\u00bbdefault\u00bb hover_enabled=\u00bb0&#8243; sticky_enabled=\u00bb0&#8243;]<\/p>\n<h2>RC-2021<\/h2>\n<h2>Fase 3 &#8211; Informe CPCCS<\/h2>\n<p><a href=\"https:\/\/hgl.mspz3.gob.ec\/wp-content\/uploads\/2023\/07\/FORMULARIO-RENDICION-DE-CUENTAS-2021.pdf\" target=\"_blank\" rel=\"noopener noreferrer\">1. FORMULARIO DE INFORME DE RENDICI\u00d3N DE CUENTAS<\/a><\/p>\n<p><a href=\"https:\/\/hgl.mspz3.gob.ec\/wp-content\/uploads\/2023\/07\/FORMULARIO-RENDICION-DE-CUENTAS-5685-ANO-2021.pdf\" target=\"_blank\" rel=\"noopener noreferrer\">2. INFORME DE RENDICI\u00d3N DE CUENTAS CPCCS<\/a><\/p>\n<p><a href=\"https:\/\/hgl.mspz3.gob.ec\/wp-content\/uploads\/2023\/07\/CONSTANCIA-DE-HABER-FINALIZADO-EL-INFORME-DE-RENDICION-DE-CUENTAS.pdf\" target=\"_blank\" rel=\"noopener noreferrer\">3. CONSTANCIA DE HABER FINALIZADO EL INFORME DE RENDICI\u00d3N DE CUENTAS<\/a><\/p>\n<p><a href=\"https:\/\/hgl.mspz3.gob.ec\/wp-content\/uploads\/2023\/07\/RCs_MSP_2021_-_Aportes_Ciudadanas-HGL_-_CZ.pdf\" target=\"_blank\" rel=\"noopener noreferrer\">4. APORTES CIUDADANOS<\/a><\/p>\n<p><a href=\"https:\/\/hgl.mspz3.gob.ec\/wp-content\/uploads\/2023\/07\/SEGUIMIENTO-A-LA-ENTREGA-DEL-INFORME-EN-EL-CPCCS-.pdf\" target=\"_blank\" rel=\"noopener noreferrer\">5. SEGUIMIENTO A LA ENTREGA DEL INFORME EN EL CPCCS<\/a><\/p>\n<p>[\/et_pb_text][\/et_pb_column][\/et_pb_row][\/et_pb_section]<\/p>\n","protected":false},"excerpt":{"rendered":"<p>[et_pb_section fb_built=\u00bb1&#8243; _builder_version=\u00bb4.7.7&#8243; _module_preset=\u00bbdefault\u00bb][et_pb_row _builder_version=\u00bb4.7.7&#8243; _module_preset=\u00bbdefault\u00bb][et_pb_column type=\u00bb4_4&#8243; _builder_version=\u00bb4.7.7&#8243; _module_preset=\u00bbdefault\u00bb][et_pb_text _builder_version=\u00bb4.7.7&#8243; _module_preset=\u00bbdefault\u00bb hover_enabled=\u00bb0&#8243; sticky_enabled=\u00bb0&#8243;] RC-2021 Fase 3 &#8211; Informe CPCCS 1. FORMULARIO DE INFORME DE RENDICI\u00d3N DE CUENTAS 2. INFORME DE RENDICI\u00d3N DE CUENTAS CPCCS 3. CONSTANCIA DE HABER FINALIZADO EL INFORME DE RENDICI\u00d3N DE CUENTAS 4. APORTES CIUDADANOS 5. SEGUIMIENTO A LA ENTREGA DEL INFORME [&hellip;]<\/p>\n","protected":false},"author":1,"featured_media":0,"parent":0,"menu_order":0,"comment_status":"closed","ping_status":"closed","template":"","meta":{"_et_pb_use_builder":"on","_et_pb_old_content":"","_et_gb_content_width":"","footnotes":""},"class_list":["post-208263","page","type-page","status-publish","hentry"],"_links":{"self":[{"href":"https:\/\/hgl.mspz3.gob.ec\/index.php\/wp-json\/wp\/v2\/pages\/208263","targetHints":{"allow":["GET"]}}],"collection":[{"href":"https:\/\/hgl.mspz3.gob.ec\/index.php\/wp-json\/wp\/v2\/pages"}],"about":[{"href":"https:\/\/hgl.mspz3.gob.ec\/index.php\/wp-json\/wp\/v2\/types\/page"}],"author":[{"embeddable":true,"href":"https:\/\/hgl.mspz3.gob.ec\/index.php\/wp-json\/wp\/v2\/users\/1"}],"replies":[{"embeddable":true,"href":"https:\/\/hgl.mspz3.gob.ec\/index.php\/wp-json\/wp\/v2\/comments?post=208263"}],"version-history":[{"count":4,"href":"https:\/\/hgl.mspz3.gob.ec\/index.php\/wp-json\/wp\/v2\/pages\/208263\/revisions"}],"predecessor-version":[{"id":208290,"href":"https:\/\/hgl.mspz3.gob.ec\/index.php\/wp-json\/wp\/v2\/pages\/208263\/revisions\/208290"}],"wp:attachment":[{"href":"https:\/\/hgl.mspz3.gob.ec\/index.php\/wp-json\/wp\/v2\/media?parent=208263"}],"curies":[{"name":"wp","href":"https:\/\/api.w.org\/{rel}","templated":true}]}}