{"id":209105,"date":"2024-11-10T15:27:33","date_gmt":"2024-11-10T15:27:33","guid":{"rendered":"https:\/\/hgl.mspz3.gob.ec\/?page_id=209105"},"modified":"2024-11-10T16:00:37","modified_gmt":"2024-11-10T16:00:37","slug":"fase-1-informe-rendicion-de-cuentas-2023","status":"publish","type":"page","link":"https:\/\/hgl.mspz3.gob.ec\/index.php\/fase-1-informe-rendicion-de-cuentas-2023\/","title":{"rendered":"Fase 1 \u2013 Informe Rendici\u00f3n de Cuentas 2023"},"content":{"rendered":"<p>[et_pb_section fb_built=\u00bb1&#8243; _builder_version=\u00bb4.7.7&#8243; _module_preset=\u00bbdefault\u00bb][et_pb_row _builder_version=\u00bb4.7.7&#8243; _module_preset=\u00bbdefault\u00bb custom_padding=\u00bb44px|||||\u00bb][et_pb_column type=\u00bb4_4&#8243; _builder_version=\u00bb4.7.7&#8243; _module_preset=\u00bbdefault\u00bb][et_pb_text _builder_version=\u00bb4.7.7&#8243; _module_preset=\u00bbdefault\u00bb hover_enabled=\u00bb0&#8243; sticky_enabled=\u00bb0&#8243;]<\/p>\n<h2>RC-2023<\/h2>\n<h2>Fase 1 &#8211; Informe Rendici\u00f3n de Cuentas<\/h2>\n<p><a href=\"https:\/\/hgl.mspz3.gob.ec\/wp-content\/uploads\/2024\/11\/INFORME-DE-RENDICION-DE-CUENTAS-PERIODO-2023-HGL.pdf\" target=\"_blank\" rel=\"noopener noreferrer\" title=\"1. INFORME EJECUTIVO\">1. INFORME EJECUTIVO<\/a><\/p>\n<p><a href=\"https:\/\/hgl.mspz3.gob.ec\/wp-content\/uploads\/2024\/11\/MSP-CZ3-HGL-2024-0855-M-SOCIALIZACION-DEL-PROCESO-DE-RENDICION-DE-CUENTAS.pdf\" target=\"_blank\" rel=\"noopener noreferrer\" title=\"2. CONVOCATORIA PARA REVISI\u00d3N DE PRESENTACI\u00d3N DE RENDICI\u00d3N DE CUENTAS\">2. CONVOCATORIA PARA REVISI\u00d3N DE PRESENTACI\u00d3N DE RENDICI\u00d3N DE CUENTAS<\/a><\/p>\n<p><a href=\"https:\/\/hgl.mspz3.gob.ec\/wp-content\/uploads\/2024\/11\/Evento-Rendicion-Cuentas-HGL-signed-signed-signed-signed.pdf\" target=\"_blank\" rel=\"noopener noreferrer\" title=\"3. EVENTO DE RENDICI\u00d3N DE CUENTAS\">3. EVENTO DE RENDICI\u00d3N DE CUENTAS<\/a><\/p>\n<p><a href=\"https:\/\/hgl.mspz3.gob.ec\/wp-content\/uploads\/2024\/11\/Evento-Rendicion-Cuentas-HGL-signed-signed-signed-signed.pdf\" target=\"_blank\" rel=\"noopener noreferrer\" title=\"4. EVENTO DE RENDICI\u00d3N DE CUENTAS\">4. SOCIALIZACI\u00d3N DEL PROCESO DE RENDICI\u00d3N DE CUENTAS<\/a><\/p>\n<p>[\/et_pb_text][\/et_pb_column][\/et_pb_row][\/et_pb_section]<\/p>\n","protected":false},"excerpt":{"rendered":"<p>[et_pb_section fb_built=\u00bb1&#8243; _builder_version=\u00bb4.7.7&#8243; _module_preset=\u00bbdefault\u00bb][et_pb_row _builder_version=\u00bb4.7.7&#8243; _module_preset=\u00bbdefault\u00bb custom_padding=\u00bb44px|||||\u00bb][et_pb_column type=\u00bb4_4&#8243; _builder_version=\u00bb4.7.7&#8243; _module_preset=\u00bbdefault\u00bb][et_pb_text _builder_version=\u00bb4.7.7&#8243; _module_preset=\u00bbdefault\u00bb hover_enabled=\u00bb0&#8243; sticky_enabled=\u00bb0&#8243;] RC-2023 Fase 1 &#8211; Informe Rendici\u00f3n de Cuentas 1. INFORME EJECUTIVO 2. CONVOCATORIA PARA REVISI\u00d3N DE PRESENTACI\u00d3N DE RENDICI\u00d3N DE CUENTAS 3. EVENTO DE RENDICI\u00d3N DE CUENTAS 4. SOCIALIZACI\u00d3N DEL PROCESO DE RENDICI\u00d3N DE CUENTAS [\/et_pb_text][\/et_pb_column][\/et_pb_row][\/et_pb_section]<\/p>\n","protected":false},"author":1,"featured_media":0,"parent":0,"menu_order":0,"comment_status":"closed","ping_status":"closed","template":"","meta":{"_et_pb_use_builder":"on","_et_pb_old_content":"","_et_gb_content_width":"","footnotes":""},"class_list":["post-209105","page","type-page","status-publish","hentry"],"_links":{"self":[{"href":"https:\/\/hgl.mspz3.gob.ec\/index.php\/wp-json\/wp\/v2\/pages\/209105","targetHints":{"allow":["GET"]}}],"collection":[{"href":"https:\/\/hgl.mspz3.gob.ec\/index.php\/wp-json\/wp\/v2\/pages"}],"about":[{"href":"https:\/\/hgl.mspz3.gob.ec\/index.php\/wp-json\/wp\/v2\/types\/page"}],"author":[{"embeddable":true,"href":"https:\/\/hgl.mspz3.gob.ec\/index.php\/wp-json\/wp\/v2\/users\/1"}],"replies":[{"embeddable":true,"href":"https:\/\/hgl.mspz3.gob.ec\/index.php\/wp-json\/wp\/v2\/comments?post=209105"}],"version-history":[{"count":4,"href":"https:\/\/hgl.mspz3.gob.ec\/index.php\/wp-json\/wp\/v2\/pages\/209105\/revisions"}],"predecessor-version":[{"id":209113,"href":"https:\/\/hgl.mspz3.gob.ec\/index.php\/wp-json\/wp\/v2\/pages\/209105\/revisions\/209113"}],"wp:attachment":[{"href":"https:\/\/hgl.mspz3.gob.ec\/index.php\/wp-json\/wp\/v2\/media?parent=209105"}],"curies":[{"name":"wp","href":"https:\/\/api.w.org\/{rel}","templated":true}]}}